{"id":700,"date":"2025-12-04T14:23:34","date_gmt":"2025-12-04T13:23:34","guid":{"rendered":"https:\/\/universitas.app\/?page_id=700"},"modified":"2026-02-05T17:53:18","modified_gmt":"2026-02-05T16:53:18","slug":"capacity-building","status":"publish","type":"page","link":"https:\/\/universitas.app\/es\/capacity-building\/","title":{"rendered":"Fortalecimiento de Capacidades"},"content":{"rendered":"<div data-elementor-type=\"wp-post\" data-elementor-id=\"700\" class=\"elementor elementor-700\">\n\t\t\t\t<div class=\"elementor-element elementor-element-b52fada e-con-full e-flex e-con e-parent\" data-id=\"b52fada\" data-element_type=\"container\" data-e-type=\"container\" data-settings=\"{&quot;background_background&quot;:&quot;classic&quot;}\">\n\t\t<div class=\"elementor-element elementor-element-0a43ee6 e-flex e-con-boxed e-con e-child\" data-id=\"0a43ee6\" data-element_type=\"container\" data-e-type=\"container\" data-settings=\"{&quot;background_background&quot;:&quot;video&quot;,&quot;background_video_link&quot;:&quot;https:\\\/\\\/universitas.app\\\/wp-content\\\/uploads\\\/2026\\\/01\\\/Sin-titulo-12.mp4&quot;,&quot;background_play_on_mobile&quot;:&quot;yes&quot;}\">\n\t\t\t\t\t<div class=\"e-con-inner\">\n\t\t<div class=\"elementor-background-video-container\">\n\t\t\t\t\t\t\t<video class=\"elementor-background-video-hosted\" role=\"presentation\" autoplay muted playsinline loop><\/video>\n\t\t\t\t\t<\/div>\t\t<div class=\"elementor-element elementor-element-243d12d elementor-widget__width-inherit animated-slow elementor-invisible elementor-widget elementor-widget-heading\" data-id=\"243d12d\" data-element_type=\"widget\" data-e-type=\"widget\" data-settings=\"{&quot;_animation&quot;:&quot;fadeInUp&quot;}\" data-widget_type=\"heading.default\">\n\t\t\t\t\t<h1 class=\"elementor-heading-title elementor-size-default\">Impulso estrat\u00e9gico institucional y fortalecimiento de capacidades<\/h1>\t\t\t\t<\/div>\n\t\t\t\t<div class=\"elementor-element elementor-element-16c44dd elementor-widget__width-initial animated-slow elementor-widget-mobile__width-inherit elementor-invisible elementor-widget elementor-widget-heading\" data-id=\"16c44dd\" data-element_type=\"widget\" data-e-type=\"widget\" data-settings=\"{&quot;_animation&quot;:&quot;fadeInUp&quot;,&quot;_animation_delay&quot;:300}\" data-widget_type=\"heading.default\">\n\t\t\t\t\t<h2 class=\"elementor-heading-title elementor-size-default\">Construyendo el futuro de la educaci\u00f3n superior<\/h2>\t\t\t\t<\/div>\n\t\t\t\t<div class=\"elementor-element elementor-element-1fe774e elementor-widget__width-inherit animated-slow elementor-invisible elementor-widget elementor-widget-text-editor\" data-id=\"1fe774e\" data-element_type=\"widget\" data-e-type=\"widget\" data-settings=\"{&quot;_animation&quot;:&quot;fadeInUp&quot;,&quot;_animation_delay&quot;:600}\" data-widget_type=\"text-editor.default\">\n\t\t\t\t\t\t\t\t\t<p>Dise\u00f1amos iniciativas de fortalecimiento de capacidades de alto impacto, concebidas para robustecer los cimientos estructurales e intelectuales de las Instituciones de Educaci\u00f3n Superior modernas. Nuestro enfoque va m\u00e1s all\u00e1 de la formaci\u00f3n convencional: desarrollamos ecosistemas a medida que potencian las capacidades institucionales a trav\u00e9s de sus tres pilares fundamentales: investigaci\u00f3n, gesti\u00f3n y pedagog\u00eda.<\/p><p>Cada programa est\u00e1 meticulosamente calibrado para reflejar las prioridades estrat\u00e9gicas \u00fanicas de su instituci\u00f3n y su contexto cultural local.<\/p>\t\t\t\t\t\t\t\t<\/div>\n\t\t\t\t<div class=\"elementor-element elementor-element-93490d3 elementor-widget__width-initial animated-slow elementor-hidden-desktop elementor-hidden-tablet elementor-hidden-mobile elementor-invisible elementor-widget elementor-widget-heading\" data-id=\"93490d3\" data-element_type=\"widget\" data-e-type=\"widget\" data-settings=\"{&quot;_animation&quot;:&quot;fadeInUp&quot;,&quot;_animation_delay&quot;:300}\" data-widget_type=\"heading.default\">\n\t\t\t\t\t<h2 class=\"elementor-heading-title elementor-size-default\">Empowering institutions and professionals through targeted, high-impact development programmes.<\/h2>\t\t\t\t<\/div>\n\t\t\t\t\t<\/div>\n\t\t\t\t<\/div>\n\t\t\t\t<\/div>\n\t\t<div class=\"elementor-element elementor-element-68de3e3 e-flex e-con-boxed e-con e-parent\" data-id=\"68de3e3\" data-element_type=\"container\" data-e-type=\"container\">\n\t\t\t\t\t<div class=\"e-con-inner\">\n\t\t<div class=\"elementor-element elementor-element-f81faa1 e-con-full e-flex e-con e-child\" data-id=\"f81faa1\" data-element_type=\"container\" data-e-type=\"container\">\n\t\t\t\t<div class=\"elementor-element elementor-element-e338ce2 elementor-widget elementor-widget-heading\" data-id=\"e338ce2\" data-element_type=\"widget\" data-e-type=\"widget\" data-widget_type=\"heading.default\">\n\t\t\t\t\t<h3 class=\"elementor-heading-title elementor-size-default\">Experiencia global <br>impacto local<\/h3>\t\t\t\t<\/div>\n\t\t\t\t<div class=\"elementor-element elementor-element-e098c62 elementor-widget elementor-widget-text-editor\" data-id=\"e098c62\" data-element_type=\"widget\" data-e-type=\"widget\" data-widget_type=\"text-editor.default\">\n\t\t\t\t\t\t\t\t\t<p>En colaboraci\u00f3n con una distinguida red de expertos internacionales del mundo acad\u00e9mico, la gobernanza y la industria educativa global, facilitamos el intercambio de conocimientos de primer nivel. Empoderamos a sus l\u00edderes y facultades para navegar las complejidades de:<\/p>\t\t\t\t\t\t\t\t<\/div>\n\t\t<div class=\"elementor-element elementor-element-f980183 e-grid e-con-full e-con e-child\" data-id=\"f980183\" data-element_type=\"container\" data-e-type=\"container\">\n\t\t<div class=\"elementor-element elementor-element-986a2f1 e-con-full animated-slow e-flex elementor-invisible e-con e-child\" data-id=\"986a2f1\" data-element_type=\"container\" data-e-type=\"container\" data-settings=\"{&quot;animation&quot;:&quot;fadeInUp&quot;}\">\n\t\t\t\t<div class=\"elementor-element elementor-element-d004d61 animated-slow elementor-invisible elementor-widget elementor-widget-heading\" data-id=\"d004d61\" data-element_type=\"widget\" data-e-type=\"widget\" data-settings=\"{&quot;_animation&quot;:&quot;fadeInUp&quot;}\" data-widget_type=\"heading.default\">\n\t\t\t\t\t<h4 class=\"elementor-heading-title elementor-size-default\">Gobernanza estrat\u00e9gica<\/h4>\t\t\t\t<\/div>\n\t\t\t\t<div class=\"elementor-element elementor-element-f0144ad elementor-widget elementor-widget-text-editor\" data-id=\"f0144ad\" data-element_type=\"widget\" data-e-type=\"widget\" data-widget_type=\"text-editor.default\">\n\t\t\t\t\t\t\t\t\tPerfeccionamos la gesti\u00f3n educativa para una era globalizada\t\t\t\t\t\t\t\t<\/div>\n\t\t\t\t<\/div>\n\t\t<div class=\"elementor-element elementor-element-a4b26ee e-con-full animated-slow e-flex elementor-invisible e-con e-child\" data-id=\"a4b26ee\" data-element_type=\"container\" data-e-type=\"container\" data-settings=\"{&quot;animation&quot;:&quot;fadeInUp&quot;,&quot;animation_delay&quot;:400}\">\n\t\t\t\t<div class=\"elementor-element elementor-element-475dbfe animated-slow elementor-invisible elementor-widget elementor-widget-heading\" data-id=\"475dbfe\" data-element_type=\"widget\" data-e-type=\"widget\" data-settings=\"{&quot;_animation&quot;:&quot;fadeInUp&quot;}\" data-widget_type=\"heading.default\">\n\t\t\t\t\t<h4 class=\"elementor-heading-title elementor-size-default\">Transformaci\u00f3n digital<\/h4>\t\t\t\t<\/div>\n\t\t\t\t<div class=\"elementor-element elementor-element-2bd2939 elementor-widget elementor-widget-text-editor\" data-id=\"2bd2939\" data-element_type=\"widget\" data-e-type=\"widget\" data-widget_type=\"text-editor.default\">\n\t\t\t\t\t\t\t\t\tLideramos la integraci\u00f3n pionera de tecnolog\u00edas avanzadas\t\t\t\t\t\t\t\t<\/div>\n\t\t\t\t<\/div>\n\t\t<div class=\"elementor-element elementor-element-aab9c91 e-con-full animated-slow e-flex elementor-invisible e-con e-child\" data-id=\"aab9c91\" data-element_type=\"container\" data-e-type=\"container\" data-settings=\"{&quot;animation&quot;:&quot;fadeInUp&quot;,&quot;animation_delay&quot;:400}\">\n\t\t\t\t<div class=\"elementor-element elementor-element-7e3e878 animated-slow elementor-invisible elementor-widget elementor-widget-heading\" data-id=\"7e3e878\" data-element_type=\"widget\" data-e-type=\"widget\" data-settings=\"{&quot;_animation&quot;:&quot;fadeInUp&quot;}\" data-widget_type=\"heading.default\">\n\t\t\t\t\t<h4 class=\"elementor-heading-title elementor-size-default\">Internacionalizaci\u00f3n institucional<\/h4>\t\t\t\t<\/div>\n\t\t\t\t<div class=\"elementor-element elementor-element-b39432c elementor-widget elementor-widget-text-editor\" data-id=\"b39432c\" data-element_type=\"widget\" data-e-type=\"widget\" data-widget_type=\"text-editor.default\">\n\t\t\t\t\t\t\t\t\tAmpliamos su huella global y su alcance colaborativo\t\t\t\t\t\t\t\t<\/div>\n\t\t\t\t<\/div>\n\t\t<div class=\"elementor-element elementor-element-0250d4e e-con-full animated-slow e-flex elementor-invisible e-con e-child\" data-id=\"0250d4e\" data-element_type=\"container\" data-e-type=\"container\" data-settings=\"{&quot;animation&quot;:&quot;fadeInUp&quot;,&quot;animation_delay&quot;:400}\">\n\t\t\t\t<div class=\"elementor-element elementor-element-dc75272 animated-slow elementor-invisible elementor-widget elementor-widget-heading\" data-id=\"dc75272\" data-element_type=\"widget\" data-e-type=\"widget\" data-settings=\"{&quot;_animation&quot;:&quot;fadeInUp&quot;}\" data-widget_type=\"heading.default\">\n\t\t\t\t\t<h4 class=\"elementor-heading-title elementor-size-default\">Administraci\u00f3n<br> de la investigaci\u00f3n<\/h4>\t\t\t\t<\/div>\n\t\t\t\t<div class=\"elementor-element elementor-element-1caae58 elementor-widget elementor-widget-text-editor\" data-id=\"1caae58\" data-element_type=\"widget\" data-e-type=\"widget\" data-widget_type=\"text-editor.default\">\n\t\t\t\t\t\t\t\t\tOptimizamos la direcci\u00f3n y gesti\u00f3n de la investigaci\u00f3n acad\u00e9mica de alto nivel.\t\t\t\t\t\t\t\t<\/div>\n\t\t\t\t<\/div>\n\t\t\t\t<\/div>\n\t\t\t\t<\/div>\n\t\t<div class=\"elementor-element elementor-element-2f1fa21 e-con-full e-flex e-con e-child\" data-id=\"2f1fa21\" data-element_type=\"container\" data-e-type=\"container\" data-settings=\"{&quot;background_background&quot;:&quot;classic&quot;}\">\n\t\t\t\t<\/div>\n\t\t\t\t\t<\/div>\n\t\t\t\t<\/div>\n\t\t<div class=\"elementor-element elementor-element-9239360 e-flex e-con-boxed e-con e-parent\" data-id=\"9239360\" data-element_type=\"container\" data-e-type=\"container\">\n\t\t\t\t\t<div class=\"e-con-inner\">\n\t\t<div class=\"elementor-element elementor-element-cd2230d e-con-full e-flex e-con e-child\" data-id=\"cd2230d\" data-element_type=\"container\" data-e-type=\"container\" data-settings=\"{&quot;background_background&quot;:&quot;classic&quot;}\">\n\t\t\t\t<\/div>\n\t\t<div class=\"elementor-element elementor-element-3c73466 e-con-full e-flex e-con e-child\" data-id=\"3c73466\" data-element_type=\"container\" data-e-type=\"container\">\n\t\t\t\t<div class=\"elementor-element elementor-element-a2a1712 elementor-widget elementor-widget-heading\" data-id=\"a2a1712\" data-element_type=\"widget\" data-e-type=\"widget\" data-widget_type=\"heading.default\">\n\t\t\t\t\t<h3 class=\"elementor-heading-title elementor-size-default\">Cultivando la excelencia<br> operativa<\/h3>\t\t\t\t<\/div>\n\t\t\t\t<div class=\"elementor-element elementor-element-9308d62 elementor-widget elementor-widget-text-editor\" data-id=\"9308d62\" data-element_type=\"widget\" data-e-type=\"widget\" data-widget_type=\"text-editor.default\">\n\t\t\t\t\t\t\t\t\t<p>Nuestra metodolog\u00eda cierra la brecha entre la visi\u00f3n estrat\u00e9gica y la precisi\u00f3n operativa. A trav\u00e9s de clases magistrales intensivas y pr\u00e1cticas, dotamos a sus equipos de las habilidades avanzadas necesarias para impulsar la eficiencia y el rendimiento:<\/p>\t\t\t\t\t\t\t\t<\/div>\n\t\t<div class=\"elementor-element elementor-element-cdc8345 e-grid e-con-full e-con e-child\" data-id=\"cdc8345\" data-element_type=\"container\" data-e-type=\"container\">\n\t\t<div class=\"elementor-element elementor-element-78a211b e-con-full animated-slow e-flex elementor-invisible e-con e-child\" data-id=\"78a211b\" data-element_type=\"container\" data-e-type=\"container\" data-settings=\"{&quot;animation&quot;:&quot;fadeInUp&quot;}\">\n\t\t\t\t<div class=\"elementor-element elementor-element-de63e4d animated-slow elementor-invisible elementor-widget elementor-widget-heading\" data-id=\"de63e4d\" data-element_type=\"widget\" data-e-type=\"widget\" data-settings=\"{&quot;_animation&quot;:&quot;fadeInUp&quot;}\" data-widget_type=\"heading.default\">\n\t\t\t\t\t<h4 class=\"elementor-heading-title elementor-size-default\">Maestr\u00eda en<br> subvenciones<\/h4>\t\t\t\t<\/div>\n\t\t\t\t<div class=\"elementor-element elementor-element-0ac6935 elementor-widget elementor-widget-text-editor\" data-id=\"0ac6935\" data-element_type=\"widget\" data-e-type=\"widget\" data-widget_type=\"text-editor.default\">\n\t\t\t\t\t\t\t\t\tT\u00e9cnicas avanzadas para asegurar financiaci\u00f3n competitiva a nivel global.\t\t\t\t\t\t\t\t<\/div>\n\t\t\t\t<\/div>\n\t\t<div class=\"elementor-element elementor-element-b39896c e-con-full animated-slow e-flex elementor-invisible e-con e-child\" data-id=\"b39896c\" data-element_type=\"container\" data-e-type=\"container\" data-settings=\"{&quot;animation&quot;:&quot;fadeInUp&quot;,&quot;animation_delay&quot;:400}\">\n\t\t\t\t<div class=\"elementor-element elementor-element-d30830d animated-slow elementor-invisible elementor-widget elementor-widget-heading\" data-id=\"d30830d\" data-element_type=\"widget\" data-e-type=\"widget\" data-settings=\"{&quot;_animation&quot;:&quot;fadeInUp&quot;}\" data-widget_type=\"heading.default\">\n\t\t\t\t\t<h4 class=\"elementor-heading-title elementor-size-default\">Gesti\u00f3n \u00e1gil de proyectos<\/h4>\t\t\t\t<\/div>\n\t\t\t\t<div class=\"elementor-element elementor-element-fd8f6b3 elementor-widget elementor-widget-text-editor\" data-id=\"fd8f6b3\" data-element_type=\"widget\" data-e-type=\"widget\" data-widget_type=\"text-editor.default\">\n\t\t\t\t\t\t\t\t\tGarantizamos la ejecuci\u00f3n fluida y sin fisuras de los objetivos institucionales.\t\t\t\t\t\t\t\t<\/div>\n\t\t\t\t<\/div>\n\t\t<div class=\"elementor-element elementor-element-d06191f e-con-full animated-slow e-flex elementor-invisible e-con e-child\" data-id=\"d06191f\" data-element_type=\"container\" data-e-type=\"container\" data-settings=\"{&quot;animation&quot;:&quot;fadeInUp&quot;,&quot;animation_delay&quot;:400}\">\n\t\t\t\t<div class=\"elementor-element elementor-element-ba05ff2 animated-slow elementor-invisible elementor-widget elementor-widget-heading\" data-id=\"ba05ff2\" data-element_type=\"widget\" data-e-type=\"widget\" data-settings=\"{&quot;_animation&quot;:&quot;fadeInUp&quot;}\" data-widget_type=\"heading.default\">\n\t\t\t\t\t<h4 class=\"elementor-heading-title elementor-size-default\">Comunicaci\u00f3n acad\u00e9mica<\/h4>\t\t\t\t<\/div>\n\t\t\t\t<div class=\"elementor-element elementor-element-8b4a99c elementor-widget elementor-widget-text-editor\" data-id=\"8b4a99c\" data-element_type=\"widget\" data-e-type=\"widget\" data-widget_type=\"text-editor.default\">\n\t\t\t\t\t\t\t\t\tElevamos la visibilidad y el impacto de la investigaci\u00f3n institucional.\t\t\t\t\t\t\t\t<\/div>\n\t\t\t\t<\/div>\n\t\t<div class=\"elementor-element elementor-element-160fe64 e-con-full animated-slow e-flex elementor-invisible e-con e-child\" data-id=\"160fe64\" data-element_type=\"container\" data-e-type=\"container\" data-settings=\"{&quot;animation&quot;:&quot;fadeInUp&quot;,&quot;animation_delay&quot;:400}\">\n\t\t\t\t<div class=\"elementor-element elementor-element-01f31d3 animated-slow elementor-invisible elementor-widget elementor-widget-heading\" data-id=\"01f31d3\" data-element_type=\"widget\" data-e-type=\"widget\" data-settings=\"{&quot;_animation&quot;:&quot;fadeInUp&quot;}\" data-widget_type=\"heading.default\">\n\t\t\t\t\t<h4 class=\"elementor-heading-title elementor-size-default\">Cumplimiento y gobernanza<\/h4>\t\t\t\t<\/div>\n\t\t\t\t<div class=\"elementor-element elementor-element-a7c5c56 elementor-widget elementor-widget-text-editor\" data-id=\"a7c5c56\" data-element_type=\"widget\" data-e-type=\"widget\" data-widget_type=\"text-editor.default\">\n\t\t\t\t\t\t\t\t\tMantenemos los m\u00e1s altos est\u00e1ndares de integridad regulatoria.\t\t\t\t\t\t\t\t<\/div>\n\t\t\t\t<\/div>\n\t\t\t\t<\/div>\n\t\t\t\t<div class=\"elementor-element elementor-element-9ddaf5c elementor-widget elementor-widget-text-editor\" data-id=\"9ddaf5c\" data-element_type=\"widget\" data-e-type=\"widget\" data-widget_type=\"text-editor.default\">\n\t\t\t\t\t\t\t\t\tTrascendemos la formaci\u00f3n convencional para activar una evoluci\u00f3n institucional. Nuestra misi\u00f3n es cultivar una cultura de excelencia autosostenible, empoderando a su instituci\u00f3n no solo para navegar el panorama acad\u00e9mico global, sino para definir su futuro.\t\t\t\t\t\t\t\t<\/div>\n\t\t\t\t<\/div>\n\t\t\t\t\t<\/div>\n\t\t\t\t<\/div>\n\t\t<div class=\"elementor-element elementor-element-1a4f1a0 elementor-hidden-desktop elementor-hidden-tablet elementor-hidden-mobile e-flex e-con-boxed e-con e-parent\" data-id=\"1a4f1a0\" data-element_type=\"container\" data-e-type=\"container\">\n\t\t\t\t\t<div class=\"e-con-inner\">\n\t\t<div class=\"elementor-element elementor-element-6f61afa e-con-full e-flex e-con e-child\" data-id=\"6f61afa\" data-element_type=\"container\" data-e-type=\"container\">\n\t\t\t\t<div class=\"elementor-element elementor-element-b57ee38 animated-slow elementor-invisible elementor-widget elementor-widget-text-editor\" data-id=\"b57ee38\" data-element_type=\"widget\" data-e-type=\"widget\" data-settings=\"{&quot;_animation&quot;:&quot;fadeInUp&quot;}\" data-widget_type=\"text-editor.default\">\n\t\t\t\t\t\t\t\t\t<p>We deliver capacity-building initiatives that strengthen institutional capabilities across research, management, and education. Each programme is customised to the local context and strategic priorities of the organisation.<\/p><p>We design hands-on training in grant writing, project management, research communication, and compliance, equipping teams with practical skills that improve performance and efficiency.<\/p>\t\t\t\t\t\t\t\t<\/div>\n\t\t<div class=\"elementor-element elementor-element-61c89b7 e-grid e-con-full e-con e-child\" data-id=\"61c89b7\" data-element_type=\"container\" data-e-type=\"container\">\n\t\t<div class=\"elementor-element elementor-element-db3afa1 e-con-full animated-slow e-flex elementor-invisible e-con e-child\" data-id=\"db3afa1\" data-element_type=\"container\" data-e-type=\"container\" data-settings=\"{&quot;animation&quot;:&quot;fadeInUp&quot;}\">\n\t\t\t\t<div class=\"elementor-element elementor-element-8d36386 animated-slow elementor-invisible elementor-widget elementor-widget-heading\" data-id=\"8d36386\" data-element_type=\"widget\" data-e-type=\"widget\" data-settings=\"{&quot;_animation&quot;:&quot;fadeInUp&quot;}\" data-widget_type=\"heading.default\">\n\t\t\t\t\t<h4 class=\"elementor-heading-title elementor-size-default\">Partnership Building &amp; Internationalisation<\/h4>\t\t\t\t<\/div>\n\t\t\t\t<div class=\"elementor-element elementor-element-befe17d elementor-widget elementor-widget-text-editor\" data-id=\"befe17d\" data-element_type=\"widget\" data-e-type=\"widget\" data-widget_type=\"text-editor.default\">\n\t\t\t\t\t\t\t\t\tWe help institutions form strategic alliances, strengthen cross-border collaboration, and integrate into global academic networks.\t\t\t\t\t\t\t\t<\/div>\n\t\t\t\t<\/div>\n\t\t<div class=\"elementor-element elementor-element-ab4a133 e-con-full animated-slow e-flex elementor-invisible e-con e-child\" data-id=\"ab4a133\" data-element_type=\"container\" data-e-type=\"container\" data-settings=\"{&quot;animation&quot;:&quot;fadeInUp&quot;,&quot;animation_delay&quot;:400}\">\n\t\t\t\t<div class=\"elementor-element elementor-element-c87913b animated-slow elementor-invisible elementor-widget elementor-widget-heading\" data-id=\"c87913b\" data-element_type=\"widget\" data-e-type=\"widget\" data-settings=\"{&quot;_animation&quot;:&quot;fadeInUp&quot;}\" data-widget_type=\"heading.default\">\n\t\t\t\t\t<h4 class=\"elementor-heading-title elementor-size-default\">EU-Funded Project Capacity Building<\/h4>\t\t\t\t<\/div>\n\t\t\t\t<div class=\"elementor-element elementor-element-9ca3e3f elementor-widget elementor-widget-text-editor\" data-id=\"9ca3e3f\" data-element_type=\"widget\" data-e-type=\"widget\" data-widget_type=\"text-editor.default\">\n\t\t\t\t\t\t\t\t\t<p>We run comprehensive programmes covering the entire lifecycle of EU funding, proposal writing, consortium development, project coordination, dissemination, and financial reporting.<\/p>\t\t\t\t\t\t\t\t<\/div>\n\t\t\t\t<\/div>\n\t\t\t\t<\/div>\n\t\t\t\t<\/div>\n\t\t<div class=\"elementor-element elementor-element-09506ab e-con-full e-flex e-con e-child\" data-id=\"09506ab\" data-element_type=\"container\" data-e-type=\"container\" data-settings=\"{&quot;background_background&quot;:&quot;classic&quot;}\">\n\t\t\t\t<\/div>\n\t\t\t\t\t<\/div>\n\t\t\t\t<\/div>\n\t\t<div class=\"elementor-element elementor-element-3c1e9ef e-flex e-con-boxed e-con e-parent\" data-id=\"3c1e9ef\" data-element_type=\"container\" data-e-type=\"container\" data-settings=\"{&quot;background_background&quot;:&quot;classic&quot;}\">\n\t\t\t\t\t<div class=\"e-con-inner\">\n\t\t<div class=\"elementor-element elementor-element-3466b8d e-con-full animated-slow e-flex elementor-invisible e-con e-child\" data-id=\"3466b8d\" data-element_type=\"container\" data-e-type=\"container\" data-settings=\"{&quot;background_background&quot;:&quot;classic&quot;,&quot;animation&quot;:&quot;fadeInUp&quot;}\">\n\t\t\t\t<div class=\"elementor-element elementor-element-7c7728e elementor-widget__width-initial elementor-widget-mobile__width-inherit elementor-widget elementor-widget-heading\" data-id=\"7c7728e\" data-element_type=\"widget\" data-e-type=\"widget\" data-widget_type=\"heading.default\">\n\t\t\t\t\t<h2 class=\"elementor-heading-title elementor-size-default\">Agenda una reuni\u00f3n con nosotros<\/h2>\t\t\t\t<\/div>\n\t\t\t\t<div class=\"elementor-element elementor-element-b2fa63f elementor-widget elementor-widget-button\" data-id=\"b2fa63f\" data-element_type=\"widget\" data-e-type=\"widget\" data-widget_type=\"button.default\">\n\t\t\t\t\t\t\t\t\t\t<a class=\"elementor-button elementor-button-link elementor-size-sm\" href=\"\/es\/contact\/\" id=\"btnheader\">\n\t\t\t\t\t\t<span class=\"elementor-button-content-wrapper\">\n\t\t\t\t\t\t\t\t\t<span class=\"elementor-button-text\">Contacto<\/span>\n\t\t\t\t\t<\/span>\n\t\t\t\t\t<\/a>\n\t\t\t\t\t\t\t\t<\/div>\n\t\t\t\t<\/div>\n\t\t\t\t\t<\/div>\n\t\t\t\t<\/div>\n\t\t<div class=\"elementor-element elementor-element-f41a693 elementor-hidden-desktop elementor-hidden-tablet elementor-hidden-mobile e-flex e-con-boxed e-con e-parent\" data-id=\"f41a693\" data-element_type=\"container\" data-e-type=\"container\" data-settings=\"{&quot;background_background&quot;:&quot;classic&quot;}\">\n\t\t\t\t\t<div class=\"e-con-inner\">\n\t\t<div class=\"elementor-element elementor-element-d9c8140 e-con-full e-flex e-con e-child\" data-id=\"d9c8140\" data-element_type=\"container\" data-e-type=\"container\" data-settings=\"{&quot;background_background&quot;:&quot;gradient&quot;}\">\n\t\t\t\t<div class=\"elementor-element elementor-element-e15100c elementor-widget__width-initial elementor-widget elementor-widget-heading\" data-id=\"e15100c\" data-element_type=\"widget\" data-e-type=\"widget\" data-widget_type=\"heading.default\">\n\t\t\t\t\t<h2 class=\"elementor-heading-title elementor-size-default\"> Book a meeting to co-create a capacity-building programme tailored to your institution.\n<\/h2>\t\t\t\t<\/div>\n\t\t\t\t<div class=\"elementor-element elementor-element-9ff79ef elementor-widget elementor-widget-button\" data-id=\"9ff79ef\" data-element_type=\"widget\" data-e-type=\"widget\" data-widget_type=\"button.default\">\n\t\t\t\t\t\t\t\t\t\t<a class=\"elementor-button elementor-button-link elementor-size-sm\" href=\"#\">\n\t\t\t\t\t\t<span class=\"elementor-button-content-wrapper\">\n\t\t\t\t\t\t\t\t\t<span class=\"elementor-button-text\">Contacto<\/span>\n\t\t\t\t\t<\/span>\n\t\t\t\t\t<\/a>\n\t\t\t\t\t\t\t\t<\/div>\n\t\t\t\t<\/div>\n\t\t\t\t\t<\/div>\n\t\t\t\t<\/div>\n\t\t\t\t<\/div>","protected":false},"excerpt":{"rendered":"<p>Strategic Institutional Advancement &amp; Capacity Building Architecting the Future of Higher Education We design high-impact capacity-building initiatives designed to fortify the structural and intellectual foundations of modern Higher Education Institutions. Our approach moves beyond standard training; we develop bespoke ecosystems that enhance institutional capabilities across the tripartite pillars of research, management, and pedagogy. Each programme [&hellip;]<\/p>\n","protected":false},"author":3,"featured_media":0,"parent":0,"menu_order":0,"comment_status":"closed","ping_status":"closed","template":"elementor_header_footer","meta":{"footnotes":""},"class_list":["post-700","page","type-page","status-publish","hentry"],"_links":{"self":[{"href":"https:\/\/universitas.app\/es\/wp-json\/wp\/v2\/pages\/700","targetHints":{"allow":["GET"]}}],"collection":[{"href":"https:\/\/universitas.app\/es\/wp-json\/wp\/v2\/pages"}],"about":[{"href":"https:\/\/universitas.app\/es\/wp-json\/wp\/v2\/types\/page"}],"author":[{"embeddable":true,"href":"https:\/\/universitas.app\/es\/wp-json\/wp\/v2\/users\/3"}],"replies":[{"embeddable":true,"href":"https:\/\/universitas.app\/es\/wp-json\/wp\/v2\/comments?post=700"}],"version-history":[{"count":163,"href":"https:\/\/universitas.app\/es\/wp-json\/wp\/v2\/pages\/700\/revisions"}],"predecessor-version":[{"id":3834,"href":"https:\/\/universitas.app\/es\/wp-json\/wp\/v2\/pages\/700\/revisions\/3834"}],"wp:attachment":[{"href":"https:\/\/universitas.app\/es\/wp-json\/wp\/v2\/media?parent=700"}],"curies":[{"name":"wp","href":"https:\/\/api.w.org\/{rel}","templated":true}]}}