{"id":694,"date":"2025-12-04T14:14:41","date_gmt":"2025-12-04T13:14:41","guid":{"rendered":"https:\/\/universitas.app\/?page_id=694"},"modified":"2026-02-05T17:51:12","modified_gmt":"2026-02-05T16:51:12","slug":"instructional-design","status":"publish","type":"page","link":"https:\/\/universitas.app\/es\/instructional-design\/","title":{"rendered":"Dise\u00f1o Instruccional"},"content":{"rendered":"<div data-elementor-type=\"wp-post\" data-elementor-id=\"694\" class=\"elementor elementor-694\">\n\t\t\t\t<div class=\"elementor-element elementor-element-b52fada e-con-full e-flex e-con e-parent\" data-id=\"b52fada\" data-element_type=\"container\" data-e-type=\"container\" data-settings=\"{&quot;background_background&quot;:&quot;classic&quot;}\">\n\t\t<div class=\"elementor-element elementor-element-0a43ee6 e-flex e-con-boxed e-con e-child\" data-id=\"0a43ee6\" data-element_type=\"container\" data-e-type=\"container\" data-settings=\"{&quot;background_background&quot;:&quot;video&quot;,&quot;background_video_link&quot;:&quot;https:\\\/\\\/universitas.app\\\/wp-content\\\/uploads\\\/2026\\\/02\\\/Sin-titulo-14.mp4&quot;,&quot;background_play_on_mobile&quot;:&quot;yes&quot;}\">\n\t\t\t\t\t<div class=\"e-con-inner\">\n\t\t<div class=\"elementor-background-video-container\">\n\t\t\t\t\t\t\t<video class=\"elementor-background-video-hosted\" role=\"presentation\" autoplay muted playsinline loop><\/video>\n\t\t\t\t\t<\/div>\t\t<div class=\"elementor-element elementor-element-243d12d elementor-widget__width-inherit animated-slow elementor-invisible elementor-widget elementor-widget-heading\" data-id=\"243d12d\" data-element_type=\"widget\" data-e-type=\"widget\" data-settings=\"{&quot;_animation&quot;:&quot;fadeInUp&quot;}\" data-widget_type=\"heading.default\">\n\t\t\t\t\t<h1 class=\"elementor-heading-title elementor-size-default\">Dise\u00f1o Instruccional<\/h1>\t\t\t\t<\/div>\n\t\t\t\t<div class=\"elementor-element elementor-element-16c44dd elementor-widget__width-initial animated-slow elementor-widget-mobile__width-inherit elementor-invisible elementor-widget elementor-widget-heading\" data-id=\"16c44dd\" data-element_type=\"widget\" data-e-type=\"widget\" data-settings=\"{&quot;_animation&quot;:&quot;fadeInUp&quot;,&quot;_animation_delay&quot;:300}\" data-widget_type=\"heading.default\">\n\t\t\t\t\t<h2 class=\"elementor-heading-title elementor-size-default\">Dise\u00f1amos programas de formaci\u00f3n, cursos en l\u00ednea y m\u00f3dulos de fortalecimiento de capacidades adaptados a las necesidades de las comunidades acad\u00e9micas y profesionales\n<\/h2>\t\t\t\t<\/div>\n\t\t\t\t<div class=\"elementor-element elementor-element-99cec37 elementor-widget__width-initial animated-slow elementor-widget-mobile__width-inherit elementor-invisible elementor-widget elementor-widget-text-editor\" data-id=\"99cec37\" data-element_type=\"widget\" data-e-type=\"widget\" data-settings=\"{&quot;_animation&quot;:&quot;fadeInUp&quot;,&quot;_animation_delay&quot;:600}\" data-widget_type=\"text-editor.default\">\n\t\t\t\t\t\t\t\t\tNuestras soluciones integran las ciencias del aprendizaje, herramientas digitales y un dise\u00f1o centrado en el usuario para garantizar experiencias de aprendizaje atractivas, accesibles e impactantes.\t\t\t\t\t\t\t\t<\/div>\n\t\t\t\t\t<\/div>\n\t\t\t\t<\/div>\n\t\t\t\t<\/div>\n\t\t<div class=\"elementor-element elementor-element-68de3e3 e-flex e-con-boxed e-con e-parent\" data-id=\"68de3e3\" data-element_type=\"container\" data-e-type=\"container\">\n\t\t\t\t\t<div class=\"e-con-inner\">\n\t\t<div class=\"elementor-element elementor-element-f81faa1 e-con-full animated-slow e-flex elementor-invisible e-con e-child\" data-id=\"f81faa1\" data-element_type=\"container\" data-e-type=\"container\" data-settings=\"{&quot;background_background&quot;:&quot;classic&quot;,&quot;animation&quot;:&quot;fadeInUp&quot;,&quot;animation_delay&quot;:800}\">\n\t\t\t\t<div class=\"elementor-element elementor-element-ee72cff elementor-widget-divider--view-line elementor-widget elementor-widget-divider\" data-id=\"ee72cff\" data-element_type=\"widget\" data-e-type=\"widget\" data-widget_type=\"divider.default\">\n\t\t\t\t\t\t\t<div class=\"elementor-divider\">\n\t\t\t<span class=\"elementor-divider-separator\">\n\t\t\t\t\t\t<\/span>\n\t\t<\/div>\n\t\t\t\t\t\t<\/div>\n\t\t\t\t<div class=\"elementor-element elementor-element-d872d48 elementor-widget elementor-widget-heading\" data-id=\"d872d48\" data-element_type=\"widget\" data-e-type=\"widget\" data-widget_type=\"heading.default\">\n\t\t\t\t\t<h4 class=\"elementor-heading-title elementor-size-default\">Del concepto al desarrollo<\/h4>\t\t\t\t<\/div>\n\t\t\t\t<div class=\"elementor-element elementor-element-23841e6 elementor-widget elementor-widget-text-editor\" data-id=\"23841e6\" data-element_type=\"widget\" data-e-type=\"widget\" data-widget_type=\"text-editor.default\">\n\t\t\t\t\t\t\t\t\tAcompa\u00f1amos todo el proceso de creaci\u00f3n de contenidos: desde el an\u00e1lisis de necesidades y el dise\u00f1o curricular hasta el desarrollo de materiales y su implementaci\u00f3n en plataformas de aprendizaje\t\t\t\t\t\t\t\t<\/div>\n\t\t\t\t<\/div>\n\t\t<div class=\"elementor-element elementor-element-2f1fa21 e-con-full animated-slow e-flex elementor-invisible e-con e-child\" data-id=\"2f1fa21\" data-element_type=\"container\" data-e-type=\"container\" data-settings=\"{&quot;background_background&quot;:&quot;classic&quot;,&quot;animation&quot;:&quot;fadeInUp&quot;,&quot;animation_delay&quot;:800}\">\n\t\t\t\t<div class=\"elementor-element elementor-element-e582ac7 elementor-widget-divider--view-line elementor-widget elementor-widget-divider\" data-id=\"e582ac7\" data-element_type=\"widget\" data-e-type=\"widget\" data-widget_type=\"divider.default\">\n\t\t\t\t\t\t\t<div class=\"elementor-divider\">\n\t\t\t<span class=\"elementor-divider-separator\">\n\t\t\t\t\t\t<\/span>\n\t\t<\/div>\n\t\t\t\t\t\t<\/div>\n\t\t\t\t<div class=\"elementor-element elementor-element-676dd28 elementor-widget__width-initial elementor-widget elementor-widget-heading\" data-id=\"676dd28\" data-element_type=\"widget\" data-e-type=\"widget\" data-widget_type=\"heading.default\">\n\t\t\t\t\t<h4 class=\"elementor-heading-title elementor-size-default\">Dise\u00f1o de curr\u00edculos y programas<\/h4>\t\t\t\t<\/div>\n\t\t\t\t<div class=\"elementor-element elementor-element-9b6889a elementor-widget elementor-widget-text-editor\" data-id=\"9b6889a\" data-element_type=\"widget\" data-e-type=\"widget\" data-widget_type=\"text-editor.default\">\n\t\t\t\t\t\t\t\t\t<p>Apoyamos a las instituciones en el desarrollo de programas de estudio completos, m\u00f3dulos y microcredenciales alineados con los marcos nacionales y las necesidades del mercado laboral.<\/p>\t\t\t\t\t\t\t\t<\/div>\n\t\t\t\t<\/div>\n\t\t<div class=\"elementor-element elementor-element-67446de e-con-full animated-slow e-flex elementor-invisible e-con e-child\" data-id=\"67446de\" data-element_type=\"container\" data-e-type=\"container\" data-settings=\"{&quot;animation&quot;:&quot;fadeInUp&quot;,&quot;animation_delay&quot;:800}\">\n\t\t\t\t<div class=\"elementor-element elementor-element-5eeb41d elementor-widget elementor-widget-image\" data-id=\"5eeb41d\" data-element_type=\"widget\" data-e-type=\"widget\" data-widget_type=\"image.default\">\n\t\t\t\t\t\t\t\t\t\t\t\t\t\t\t<img fetchpriority=\"high\" decoding=\"async\" width=\"1080\" height=\"1350\" src=\"https:\/\/universitas.app\/wp-content\/uploads\/2026\/01\/teachers.jpeg\" class=\"attachment-full size-full wp-image-3252\" alt=\"\" srcset=\"https:\/\/universitas.app\/wp-content\/uploads\/2026\/01\/teachers.jpeg 1080w, https:\/\/universitas.app\/wp-content\/uploads\/2026\/01\/teachers-240x300.jpeg 240w, https:\/\/universitas.app\/wp-content\/uploads\/2026\/01\/teachers-819x1024.jpeg 819w, https:\/\/universitas.app\/wp-content\/uploads\/2026\/01\/teachers-768x960.jpeg 768w, https:\/\/universitas.app\/wp-content\/uploads\/2026\/01\/teachers-10x12.jpeg 10w\" sizes=\"(max-width: 1080px) 100vw, 1080px\" \/>\t\t\t\t\t\t\t\t\t\t\t\t\t\t\t<\/div>\n\t\t\t\t<\/div>\n\t\t\t\t\t<\/div>\n\t\t\t\t<\/div>\n\t\t<div class=\"elementor-element elementor-element-b96725b e-flex e-con-boxed e-con e-parent\" data-id=\"b96725b\" data-element_type=\"container\" data-e-type=\"container\" data-settings=\"{&quot;background_background&quot;:&quot;classic&quot;}\">\n\t\t\t\t\t<div class=\"e-con-inner\">\n\t\t<div class=\"elementor-element elementor-element-d0bce6a e-con-full animated-slow e-flex elementor-invisible e-con e-child\" data-id=\"d0bce6a\" data-element_type=\"container\" data-e-type=\"container\" data-settings=\"{&quot;background_background&quot;:&quot;video&quot;,&quot;animation&quot;:&quot;fadeInUp&quot;,&quot;background_play_on_mobile&quot;:&quot;yes&quot;,&quot;animation_delay&quot;:800}\">\n\t\t\t\t<div class=\"elementor-element elementor-element-85d0f1c elementor-widget elementor-widget-image\" data-id=\"85d0f1c\" data-element_type=\"widget\" data-e-type=\"widget\" data-widget_type=\"image.default\">\n\t\t\t\t\t\t\t\t\t\t\t\t\t\t\t<img decoding=\"async\" width=\"1080\" height=\"1350\" src=\"https:\/\/universitas.app\/wp-content\/uploads\/2026\/01\/coding.jpg\" class=\"attachment-full size-full wp-image-3266\" alt=\"\" srcset=\"https:\/\/universitas.app\/wp-content\/uploads\/2026\/01\/coding.jpg 1080w, https:\/\/universitas.app\/wp-content\/uploads\/2026\/01\/coding-240x300.jpg 240w, https:\/\/universitas.app\/wp-content\/uploads\/2026\/01\/coding-819x1024.jpg 819w, https:\/\/universitas.app\/wp-content\/uploads\/2026\/01\/coding-768x960.jpg 768w, https:\/\/universitas.app\/wp-content\/uploads\/2026\/01\/coding-10x12.jpg 10w\" sizes=\"(max-width: 1080px) 100vw, 1080px\" \/>\t\t\t\t\t\t\t\t\t\t\t\t\t\t\t<\/div>\n\t\t\t\t<\/div>\n\t\t<div class=\"elementor-element elementor-element-b170375 e-con-full animated-slow e-flex elementor-invisible e-con e-child\" data-id=\"b170375\" data-element_type=\"container\" data-e-type=\"container\" data-settings=\"{&quot;animation&quot;:&quot;fadeInUp&quot;,&quot;animation_delay&quot;:400}\">\n\t\t\t\t<div class=\"elementor-element elementor-element-fc7c28a elementor-widget-divider--view-line elementor-widget elementor-widget-divider\" data-id=\"fc7c28a\" data-element_type=\"widget\" data-e-type=\"widget\" data-widget_type=\"divider.default\">\n\t\t\t\t\t\t\t<div class=\"elementor-divider\">\n\t\t\t<span class=\"elementor-divider-separator\">\n\t\t\t\t\t\t<\/span>\n\t\t<\/div>\n\t\t\t\t\t\t<\/div>\n\t\t\t\t<div class=\"elementor-element elementor-element-bb23296 elementor-widget elementor-widget-heading\" data-id=\"bb23296\" data-element_type=\"widget\" data-e-type=\"widget\" data-widget_type=\"heading.default\">\n\t\t\t\t\t<h4 class=\"elementor-heading-title elementor-size-default\">Instructional<br> Design<\/h4>\t\t\t\t<\/div>\n\t\t\t\t<div class=\"elementor-element elementor-element-8859c50 elementor-widget elementor-widget-text-editor\" data-id=\"8859c50\" data-element_type=\"widget\" data-e-type=\"widget\" data-widget_type=\"text-editor.default\">\n\t\t\t\t\t\t\t\t\t<p>Nuestro equipo crea recursos de aprendizaje digital interactivos, optimizados para plataformas como Moodle y Canvas, entre otros sistemas de gesti\u00f3n del aprendizaje.<br \/>and custom LMS environments.<\/p>\t\t\t\t\t\t\t\t<\/div>\n\t\t\t\t<\/div>\n\t\t<div class=\"elementor-element elementor-element-f480938 e-con-full animated-slow e-flex elementor-invisible e-con e-child\" data-id=\"f480938\" data-element_type=\"container\" data-e-type=\"container\" data-settings=\"{&quot;animation&quot;:&quot;fadeInUp&quot;,&quot;animation_delay&quot;:800}\">\n\t\t\t\t<div class=\"elementor-element elementor-element-6e6917d elementor-widget-divider--view-line elementor-widget elementor-widget-divider\" data-id=\"6e6917d\" data-element_type=\"widget\" data-e-type=\"widget\" data-widget_type=\"divider.default\">\n\t\t\t\t\t\t\t<div class=\"elementor-divider\">\n\t\t\t<span class=\"elementor-divider-separator\">\n\t\t\t\t\t\t<\/span>\n\t\t<\/div>\n\t\t\t\t\t\t<\/div>\n\t\t\t\t<div class=\"elementor-element elementor-element-4014b47 elementor-widget elementor-widget-heading\" data-id=\"4014b47\" data-element_type=\"widget\" data-e-type=\"widget\" data-widget_type=\"heading.default\">\n\t\t\t\t\t<h4 class=\"elementor-heading-title elementor-size-default\">Marcos basados en competencias<\/h4>\t\t\t\t<\/div>\n\t\t\t\t<div class=\"elementor-element elementor-element-c733fae elementor-widget elementor-widget-text-editor\" data-id=\"c733fae\" data-element_type=\"widget\" data-e-type=\"widget\" data-widget_type=\"text-editor.default\">\n\t\t\t\t\t\t\t\t\tDise\u00f1amos resultados de aprendizaje, m\u00e9todos de evaluaci\u00f3n y mapas de competencias que garantizan una ense\u00f1anza eficaz, una evaluaci\u00f3n transparente y la coherencia curricular.\t\t\t\t\t\t\t\t<\/div>\n\t\t\t\t<\/div>\n\t\t\t\t\t<\/div>\n\t\t\t\t<\/div>\n\t\t<div class=\"elementor-element elementor-element-f41a693 e-flex e-con-boxed e-con e-parent\" data-id=\"f41a693\" data-element_type=\"container\" data-e-type=\"container\" data-settings=\"{&quot;background_background&quot;:&quot;classic&quot;}\">\n\t\t\t\t\t<div class=\"e-con-inner\">\n\t\t<div class=\"elementor-element elementor-element-d9c8140 e-con-full animated-slow e-flex elementor-invisible e-con e-child\" data-id=\"d9c8140\" data-element_type=\"container\" data-e-type=\"container\" data-settings=\"{&quot;background_background&quot;:&quot;classic&quot;,&quot;animation&quot;:&quot;fadeInUp&quot;}\">\n\t\t\t\t<div class=\"elementor-element elementor-element-e15100c elementor-widget__width-initial elementor-widget-mobile__width-inherit elementor-widget elementor-widget-heading\" data-id=\"e15100c\" data-element_type=\"widget\" data-e-type=\"widget\" data-widget_type=\"heading.default\">\n\t\t\t\t\t<h2 class=\"elementor-heading-title elementor-size-default\">Agenda una reuni\u00f3n con nosotros<\/h2>\t\t\t\t<\/div>\n\t\t\t\t<div class=\"elementor-element elementor-element-5ad2ae2 elementor-widget elementor-widget-button\" data-id=\"5ad2ae2\" data-element_type=\"widget\" data-e-type=\"widget\" data-widget_type=\"button.default\">\n\t\t\t\t\t\t\t\t\t\t<a class=\"elementor-button elementor-button-link elementor-size-sm\" href=\"#\" id=\"btnheader\">\n\t\t\t\t\t\t<span class=\"elementor-button-content-wrapper\">\n\t\t\t\t\t\t\t\t\t<span class=\"elementor-button-text\">Contacto<\/span>\n\t\t\t\t\t<\/span>\n\t\t\t\t\t<\/a>\n\t\t\t\t\t\t\t\t<\/div>\n\t\t\t\t<\/div>\n\t\t\t\t\t<\/div>\n\t\t\t\t<\/div>\n\t\t\t\t<\/div>","protected":false},"excerpt":{"rendered":"<p>Instructional Design We design training programmes, online courses, and capacity-building modules tailored to the needs of academic and professional communities. Our solutions integrate learning science, digital tools, and user-centred design to ensure engaging, accessible, and impactful learning experiences. From Concept to Deployment We support the content creation process, from needs analysis and curriculum design to [&hellip;]<\/p>\n","protected":false},"author":3,"featured_media":0,"parent":0,"menu_order":0,"comment_status":"closed","ping_status":"closed","template":"elementor_header_footer","meta":{"footnotes":""},"class_list":["post-694","page","type-page","status-publish","hentry"],"_links":{"self":[{"href":"https:\/\/universitas.app\/es\/wp-json\/wp\/v2\/pages\/694","targetHints":{"allow":["GET"]}}],"collection":[{"href":"https:\/\/universitas.app\/es\/wp-json\/wp\/v2\/pages"}],"about":[{"href":"https:\/\/universitas.app\/es\/wp-json\/wp\/v2\/types\/page"}],"author":[{"embeddable":true,"href":"https:\/\/universitas.app\/es\/wp-json\/wp\/v2\/users\/3"}],"replies":[{"embeddable":true,"href":"https:\/\/universitas.app\/es\/wp-json\/wp\/v2\/comments?post=694"}],"version-history":[{"count":157,"href":"https:\/\/universitas.app\/es\/wp-json\/wp\/v2\/pages\/694\/revisions"}],"predecessor-version":[{"id":3825,"href":"https:\/\/universitas.app\/es\/wp-json\/wp\/v2\/pages\/694\/revisions\/3825"}],"wp:attachment":[{"href":"https:\/\/universitas.app\/es\/wp-json\/wp\/v2\/media?parent=694"}],"curies":[{"name":"wp","href":"https:\/\/api.w.org\/{rel}","templated":true}]}}