{"id":491,"date":"2025-12-02T10:08:27","date_gmt":"2025-12-02T09:08:27","guid":{"rendered":"https:\/\/universitas.app\/?page_id=491"},"modified":"2026-02-05T17:15:04","modified_gmt":"2026-02-05T16:15:04","slug":"quality-assurance-consultancy","status":"publish","type":"page","link":"https:\/\/universitas.app\/es\/quality-assurance-consultancy\/","title":{"rendered":"Consultor\u00eda de Garant\u00eda de Calidad"},"content":{"rendered":"<div data-elementor-type=\"wp-post\" data-elementor-id=\"491\" class=\"elementor elementor-491\">\n\t\t\t\t<div class=\"elementor-element elementor-element-b52fada e-con-full e-flex e-con e-parent\" data-id=\"b52fada\" data-element_type=\"container\" data-e-type=\"container\" data-settings=\"{&quot;background_background&quot;:&quot;classic&quot;}\">\n\t\t<div class=\"elementor-element elementor-element-0a43ee6 e-flex e-con-boxed e-con e-child\" data-id=\"0a43ee6\" data-element_type=\"container\" data-e-type=\"container\" data-settings=\"{&quot;background_background&quot;:&quot;video&quot;,&quot;background_video_link&quot;:&quot;https:\\\/\\\/universitas.app\\\/wp-content\\\/uploads\\\/2026\\\/02\\\/Sin-titulo-13.mp4&quot;,&quot;background_play_on_mobile&quot;:&quot;yes&quot;}\">\n\t\t\t\t\t<div class=\"e-con-inner\">\n\t\t<div class=\"elementor-background-video-container\">\n\t\t\t\t\t\t\t<video class=\"elementor-background-video-hosted\" role=\"presentation\" autoplay muted playsinline loop><\/video>\n\t\t\t\t\t<\/div>\t\t<div class=\"elementor-element elementor-element-243d12d elementor-widget__width-initial animated-slow elementor-invisible elementor-widget elementor-widget-heading\" data-id=\"243d12d\" data-element_type=\"widget\" data-e-type=\"widget\" data-settings=\"{&quot;_animation&quot;:&quot;fadeInUp&quot;}\" data-widget_type=\"heading.default\">\n\t\t\t\t\t<h1 class=\"elementor-heading-title elementor-size-default\">Consultor\u00eda de Garant\u00eda de Calidad<\/h1>\t\t\t\t<\/div>\n\t\t\t\t\t<\/div>\n\t\t\t\t<\/div>\n\t\t\t\t<\/div>\n\t\t<div class=\"elementor-element elementor-element-9b5220f e-flex e-con-boxed e-con e-parent\" data-id=\"9b5220f\" data-element_type=\"container\" data-e-type=\"container\">\n\t\t\t\t\t<div class=\"e-con-inner\">\n\t\t<div class=\"elementor-element elementor-element-ec0286b e-con-full e-flex e-con e-child\" data-id=\"ec0286b\" data-element_type=\"container\" data-e-type=\"container\">\n\t\t\t\t<div class=\"elementor-element elementor-element-9f62716 elementor-widget-divider--view-line elementor-widget elementor-widget-divider\" data-id=\"9f62716\" data-element_type=\"widget\" data-e-type=\"widget\" data-widget_type=\"divider.default\">\n\t\t\t\t\t\t\t<div class=\"elementor-divider\">\n\t\t\t<span class=\"elementor-divider-separator\">\n\t\t\t\t\t\t<\/span>\n\t\t<\/div>\n\t\t\t\t\t\t<\/div>\n\t\t\t\t<div class=\"elementor-element elementor-element-decb651 elementor-widget elementor-widget-heading\" data-id=\"decb651\" data-element_type=\"widget\" data-e-type=\"widget\" data-widget_type=\"heading.default\">\n\t\t\t\t\t<h3 class=\"elementor-heading-title elementor-size-default\">Asesoramiento Estrat\u00e9gico<\/h3>\t\t\t\t<\/div>\n\t\t\t\t<div class=\"elementor-element elementor-element-ec7a4bb elementor-widget elementor-widget-text-editor\" data-id=\"ec7a4bb\" data-element_type=\"widget\" data-e-type=\"widget\" data-widget_type=\"text-editor.default\">\n\t\t\t\t\t\t\t\t\t<p>Brindamos orientaci\u00f3n estrat\u00e9gica para integrar la calidad en los procesos institucionales, el dise\u00f1o de proyectos y la vinculaci\u00f3n con los grupos de inter\u00e9s. Esto permite a las organizaciones cumplir con los requisitos de la UE, al tiempo que potencian sus capacidades internas y su eficiencia.<\/p>\t\t\t\t\t\t\t\t<\/div>\n\t\t\t\t<\/div>\n\t\t<div class=\"elementor-element elementor-element-c7e254d e-con-full e-flex e-con e-child\" data-id=\"c7e254d\" data-element_type=\"container\" data-e-type=\"container\">\n\t\t\t\t<div class=\"elementor-element elementor-element-7f63818 elementor-widget elementor-widget-image\" data-id=\"7f63818\" data-element_type=\"widget\" data-e-type=\"widget\" data-widget_type=\"image.default\">\n\t\t\t\t\t\t\t\t\t\t\t\t\t\t\t<img fetchpriority=\"high\" decoding=\"async\" width=\"1080\" height=\"1350\" src=\"https:\/\/universitas.app\/wp-content\/uploads\/2026\/01\/quality-a.jpeg\" class=\"attachment-full size-full wp-image-3466\" alt=\"\" srcset=\"https:\/\/universitas.app\/wp-content\/uploads\/2026\/01\/quality-a.jpeg 1080w, https:\/\/universitas.app\/wp-content\/uploads\/2026\/01\/quality-a-240x300.jpeg 240w, https:\/\/universitas.app\/wp-content\/uploads\/2026\/01\/quality-a-819x1024.jpeg 819w, https:\/\/universitas.app\/wp-content\/uploads\/2026\/01\/quality-a-768x960.jpeg 768w, https:\/\/universitas.app\/wp-content\/uploads\/2026\/01\/quality-a-10x12.jpeg 10w\" sizes=\"(max-width: 1080px) 100vw, 1080px\" \/>\t\t\t\t\t\t\t\t\t\t\t\t\t\t\t<\/div>\n\t\t\t\t<\/div>\n\t\t\t\t\t<\/div>\n\t\t\t\t<\/div>\n\t\t<div class=\"elementor-element elementor-element-c2cb01d e-flex e-con-boxed e-con e-parent\" data-id=\"c2cb01d\" data-element_type=\"container\" data-e-type=\"container\">\n\t\t\t\t\t<div class=\"e-con-inner\">\n\t\t<div class=\"elementor-element elementor-element-6c388bc e-con-full e-flex e-con e-child\" data-id=\"6c388bc\" data-element_type=\"container\" data-e-type=\"container\">\n\t\t\t\t<div class=\"elementor-element elementor-element-4db9f09 elementor-widget elementor-widget-image\" data-id=\"4db9f09\" data-element_type=\"widget\" data-e-type=\"widget\" data-widget_type=\"image.default\">\n\t\t\t\t\t\t\t\t\t\t\t\t\t\t\t<img decoding=\"async\" width=\"1080\" height=\"1350\" src=\"https:\/\/universitas.app\/wp-content\/uploads\/2025\/12\/img-gen7.jpg\" class=\"attachment-full size-full wp-image-1327\" alt=\"\" srcset=\"https:\/\/universitas.app\/wp-content\/uploads\/2025\/12\/img-gen7.jpg 1080w, https:\/\/universitas.app\/wp-content\/uploads\/2025\/12\/img-gen7-240x300.jpg 240w, https:\/\/universitas.app\/wp-content\/uploads\/2025\/12\/img-gen7-819x1024.jpg 819w, https:\/\/universitas.app\/wp-content\/uploads\/2025\/12\/img-gen7-768x960.jpg 768w\" sizes=\"(max-width: 1080px) 100vw, 1080px\" \/>\t\t\t\t\t\t\t\t\t\t\t\t\t\t\t<\/div>\n\t\t\t\t<\/div>\n\t\t<div class=\"elementor-element elementor-element-e0d7876 e-con-full e-flex e-con e-child\" data-id=\"e0d7876\" data-element_type=\"container\" data-e-type=\"container\">\n\t\t\t\t<div class=\"elementor-element elementor-element-5b76be4 elementor-widget-divider--view-line elementor-widget elementor-widget-divider\" data-id=\"5b76be4\" data-element_type=\"widget\" data-e-type=\"widget\" data-widget_type=\"divider.default\">\n\t\t\t\t\t\t\t<div class=\"elementor-divider\">\n\t\t\t<span class=\"elementor-divider-separator\">\n\t\t\t\t\t\t<\/span>\n\t\t<\/div>\n\t\t\t\t\t\t<\/div>\n\t\t\t\t<div class=\"elementor-element elementor-element-385c778 elementor-widget elementor-widget-heading\" data-id=\"385c778\" data-element_type=\"widget\" data-e-type=\"widget\" data-widget_type=\"heading.default\">\n\t\t\t\t\t<h3 class=\"elementor-heading-title elementor-size-default\">Calidad en Proyectos Financiados por la UE<\/h3>\t\t\t\t<\/div>\n\t\t\t\t<div class=\"elementor-element elementor-element-7abc41e elementor-widget elementor-widget-text-editor\" data-id=\"7abc41e\" data-element_type=\"widget\" data-e-type=\"widget\" data-widget_type=\"text-editor.default\">\n\t\t\t\t\t\t\t\t\t<p>Aplicamos una metodolog\u00eda estructurada que abarca todo el ciclo de vida del proyecto, desde el dise\u00f1o inicial de la propuesta y las fases de implementaci\u00f3n hasta la entrega final y la justificaci\u00f3n. Aseguramos que cada entregable y resultado cumpla con los rigurosos est\u00e1ndares exigidos por la Comisi\u00f3n Europea y est\u00e9 alineado con los objetivos espec\u00edficos de su proyecto.<\/p>\t\t\t\t\t\t\t\t<\/div>\n\t\t\t\t<\/div>\n\t\t\t\t\t<\/div>\n\t\t\t\t<\/div>\n\t\t<div class=\"elementor-element elementor-element-5962163 e-flex e-con-boxed e-con e-parent\" data-id=\"5962163\" data-element_type=\"container\" data-e-type=\"container\">\n\t\t\t\t\t<div class=\"e-con-inner\">\n\t\t<div class=\"elementor-element elementor-element-151e29a e-con-full e-flex e-con e-child\" data-id=\"151e29a\" data-element_type=\"container\" data-e-type=\"container\">\n\t\t\t\t<div class=\"elementor-element elementor-element-8acd819 elementor-widget-divider--view-line elementor-widget elementor-widget-divider\" data-id=\"8acd819\" data-element_type=\"widget\" data-e-type=\"widget\" data-widget_type=\"divider.default\">\n\t\t\t\t\t\t\t<div class=\"elementor-divider\">\n\t\t\t<span class=\"elementor-divider-separator\">\n\t\t\t\t\t\t<\/span>\n\t\t<\/div>\n\t\t\t\t\t\t<\/div>\n\t\t\t\t<div class=\"elementor-element elementor-element-2b0041c elementor-widget elementor-widget-heading\" data-id=\"2b0041c\" data-element_type=\"widget\" data-e-type=\"widget\" data-widget_type=\"heading.default\">\n\t\t\t\t\t<h3 class=\"elementor-heading-title elementor-size-default\">Apoyo en acreditaci\u00f3n y cumplimiento normativo<\/h3>\t\t\t\t<\/div>\n\t\t\t\t<div class=\"elementor-element elementor-element-c823b57 elementor-widget elementor-widget-text-editor\" data-id=\"c823b57\" data-element_type=\"widget\" data-e-type=\"widget\" data-widget_type=\"text-editor.default\">\n\t\t\t\t\t\t\t\t\t<p>Contamos con una amplia experiencia guiando a Instituciones de Educaci\u00f3n Superior y centros de Formaci\u00f3n Profesional (VET) a trav\u00e9s de entornos regulatorios complejos. Nuestro equipo ofrece soporte t\u00e9cnico para procesos de acreditaci\u00f3n nacionales y de la UE, evaluaci\u00f3n de planes de estudio y auditor\u00edas de infraestructuras.<\/p><p>Nos aseguramos que tu instituci\u00f3n cumpla con los est\u00e1ndares clave, incluidos los niveles 3-7 de EQAVET y del MEC (Marco Europeo de Cualificaciones), facilitando procesos de validaci\u00f3n m\u00e1s \u00e1giles.<\/p>\t\t\t\t\t\t\t\t<\/div>\n\t\t\t\t<\/div>\n\t\t<div class=\"elementor-element elementor-element-5aa48ab e-con-full e-flex e-con e-child\" data-id=\"5aa48ab\" data-element_type=\"container\" data-e-type=\"container\">\n\t\t\t\t<div class=\"elementor-element elementor-element-284f693 elementor-widget elementor-widget-image\" data-id=\"284f693\" data-element_type=\"widget\" data-e-type=\"widget\" data-widget_type=\"image.default\">\n\t\t\t\t\t\t\t\t\t\t\t\t\t\t\t<img decoding=\"async\" width=\"1080\" height=\"1350\" src=\"https:\/\/universitas.app\/wp-content\/uploads\/2026\/01\/quality-d.jpeg\" class=\"attachment-full size-full wp-image-3475\" alt=\"\" srcset=\"https:\/\/universitas.app\/wp-content\/uploads\/2026\/01\/quality-d.jpeg 1080w, https:\/\/universitas.app\/wp-content\/uploads\/2026\/01\/quality-d-240x300.jpeg 240w, https:\/\/universitas.app\/wp-content\/uploads\/2026\/01\/quality-d-819x1024.jpeg 819w, https:\/\/universitas.app\/wp-content\/uploads\/2026\/01\/quality-d-768x960.jpeg 768w, https:\/\/universitas.app\/wp-content\/uploads\/2026\/01\/quality-d-10x12.jpeg 10w\" sizes=\"(max-width: 1080px) 100vw, 1080px\" \/>\t\t\t\t\t\t\t\t\t\t\t\t\t\t\t<\/div>\n\t\t\t\t<\/div>\n\t\t\t\t\t<\/div>\n\t\t\t\t<\/div>\n\t\t<div class=\"elementor-element elementor-element-e4ae8a6 e-flex e-con-boxed e-con e-parent\" data-id=\"e4ae8a6\" data-element_type=\"container\" data-e-type=\"container\">\n\t\t\t\t\t<div class=\"e-con-inner\">\n\t\t<div class=\"elementor-element elementor-element-6b7f139 e-con-full e-flex e-con e-child\" data-id=\"6b7f139\" data-element_type=\"container\" data-e-type=\"container\">\n\t\t\t\t<div class=\"elementor-element elementor-element-5ade634 elementor-widget elementor-widget-image\" data-id=\"5ade634\" data-element_type=\"widget\" data-e-type=\"widget\" data-widget_type=\"image.default\">\n\t\t\t\t\t\t\t\t\t\t\t\t\t\t\t<img loading=\"lazy\" decoding=\"async\" width=\"1080\" height=\"1350\" src=\"https:\/\/universitas.app\/wp-content\/uploads\/2026\/01\/quality-c.jpeg\" class=\"attachment-full size-full wp-image-3471\" alt=\"\" srcset=\"https:\/\/universitas.app\/wp-content\/uploads\/2026\/01\/quality-c.jpeg 1080w, https:\/\/universitas.app\/wp-content\/uploads\/2026\/01\/quality-c-240x300.jpeg 240w, https:\/\/universitas.app\/wp-content\/uploads\/2026\/01\/quality-c-819x1024.jpeg 819w, https:\/\/universitas.app\/wp-content\/uploads\/2026\/01\/quality-c-768x960.jpeg 768w, https:\/\/universitas.app\/wp-content\/uploads\/2026\/01\/quality-c-10x12.jpeg 10w\" sizes=\"(max-width: 1080px) 100vw, 1080px\" \/>\t\t\t\t\t\t\t\t\t\t\t\t\t\t\t<\/div>\n\t\t\t\t<\/div>\n\t\t<div class=\"elementor-element elementor-element-7767ffe e-con-full e-flex e-con e-child\" data-id=\"7767ffe\" data-element_type=\"container\" data-e-type=\"container\">\n\t\t\t\t<div class=\"elementor-element elementor-element-a367644 elementor-widget-divider--view-line elementor-widget elementor-widget-divider\" data-id=\"a367644\" data-element_type=\"widget\" data-e-type=\"widget\" data-widget_type=\"divider.default\">\n\t\t\t\t\t\t\t<div class=\"elementor-divider\">\n\t\t\t<span class=\"elementor-divider-separator\">\n\t\t\t\t\t\t<\/span>\n\t\t<\/div>\n\t\t\t\t\t\t<\/div>\n\t\t\t\t<div class=\"elementor-element elementor-element-940fbdb elementor-widget elementor-widget-heading\" data-id=\"940fbdb\" data-element_type=\"widget\" data-e-type=\"widget\" data-widget_type=\"heading.default\">\n\t\t\t\t\t<h3 class=\"elementor-heading-title elementor-size-default\">Metodolog\u00edas para una calidad sostenible<\/h3>\t\t\t\t<\/div>\n\t\t\t\t<div class=\"elementor-element elementor-element-d56dbbc elementor-widget elementor-widget-text-editor\" data-id=\"d56dbbc\" data-element_type=\"widget\" data-e-type=\"widget\" data-widget_type=\"text-editor.default\">\n\t\t\t\t\t\t\t\t\t<p>Desarrollamos estrategias s\u00f3lidas de aseguramiento de la calidad adaptadas a cada instituci\u00f3n y proyecto. Mediante la implementaci\u00f3n de comit\u00e9s de calidad (QA boards) estructurados y mecanismos de monitorizaci\u00f3n sistem\u00e1tica, brindamos apoyo para mantener la excelencia en la ejecuci\u00f3n, los productos y los resultados del proyecto, garantizando un impacto institucional y social a largo plazo.<\/p>\t\t\t\t\t\t\t\t<\/div>\n\t\t\t\t<\/div>\n\t\t\t\t\t<\/div>\n\t\t\t\t<\/div>\n\t\t<div class=\"elementor-element elementor-element-4282fed e-flex e-con-boxed e-con e-parent\" data-id=\"4282fed\" data-element_type=\"container\" data-e-type=\"container\" data-settings=\"{&quot;background_background&quot;:&quot;classic&quot;}\">\n\t\t\t\t\t<div class=\"e-con-inner\">\n\t\t<div class=\"elementor-element elementor-element-191bfa5 e-con-full animated-slow e-flex elementor-invisible e-con e-child\" data-id=\"191bfa5\" data-element_type=\"container\" data-e-type=\"container\" data-settings=\"{&quot;background_background&quot;:&quot;classic&quot;,&quot;animation&quot;:&quot;fadeInUp&quot;}\">\n\t\t\t\t<div class=\"elementor-element elementor-element-386f92c elementor-widget__width-initial elementor-widget-mobile__width-inherit elementor-widget elementor-widget-heading\" data-id=\"386f92c\" data-element_type=\"widget\" data-e-type=\"widget\" data-widget_type=\"heading.default\">\n\t\t\t\t\t<h2 class=\"elementor-heading-title elementor-size-default\">Agenda una reuni\u00f3n con nosotros<\/h2>\t\t\t\t<\/div>\n\t\t\t\t<div class=\"elementor-element elementor-element-818f374 elementor-widget elementor-widget-button\" data-id=\"818f374\" data-element_type=\"widget\" data-e-type=\"widget\" data-widget_type=\"button.default\">\n\t\t\t\t\t\t\t\t\t\t<a class=\"elementor-button elementor-button-link elementor-size-sm\" href=\"\/es\/contact\/\" id=\"btnheader\">\n\t\t\t\t\t\t<span class=\"elementor-button-content-wrapper\">\n\t\t\t\t\t\t\t\t\t<span class=\"elementor-button-text\">Contacto<\/span>\n\t\t\t\t\t<\/span>\n\t\t\t\t\t<\/a>\n\t\t\t\t\t\t\t\t<\/div>\n\t\t\t\t<\/div>\n\t\t\t\t\t<\/div>\n\t\t\t\t<\/div>\n\t\t\t\t<\/div>","protected":false},"excerpt":{"rendered":"<p>Quality Assurance Consultancy Strategic Advisory We provide strategic guidance on embedding quality into institutional processes, project design, and stakeholder engagement, enabling organisations to meet EU requirements while enhancing internal capabilities and efficiency. Quality in EU-Funded Projects We apply a structured methodology that covers the entire project lifecycle, from the initial proposal design and implementation phases [&hellip;]<\/p>\n","protected":false},"author":3,"featured_media":0,"parent":0,"menu_order":0,"comment_status":"closed","ping_status":"closed","template":"elementor_header_footer","meta":{"footnotes":""},"class_list":["post-491","page","type-page","status-publish","hentry"],"_links":{"self":[{"href":"https:\/\/universitas.app\/es\/wp-json\/wp\/v2\/pages\/491","targetHints":{"allow":["GET"]}}],"collection":[{"href":"https:\/\/universitas.app\/es\/wp-json\/wp\/v2\/pages"}],"about":[{"href":"https:\/\/universitas.app\/es\/wp-json\/wp\/v2\/types\/page"}],"author":[{"embeddable":true,"href":"https:\/\/universitas.app\/es\/wp-json\/wp\/v2\/users\/3"}],"replies":[{"embeddable":true,"href":"https:\/\/universitas.app\/es\/wp-json\/wp\/v2\/comments?post=491"}],"version-history":[{"count":116,"href":"https:\/\/universitas.app\/es\/wp-json\/wp\/v2\/pages\/491\/revisions"}],"predecessor-version":[{"id":3783,"href":"https:\/\/universitas.app\/es\/wp-json\/wp\/v2\/pages\/491\/revisions\/3783"}],"wp:attachment":[{"href":"https:\/\/universitas.app\/es\/wp-json\/wp\/v2\/media?parent=491"}],"curies":[{"name":"wp","href":"https:\/\/api.w.org\/{rel}","templated":true}]}}