{"id":444,"date":"2025-11-28T14:34:25","date_gmt":"2025-11-28T13:34:25","guid":{"rendered":"https:\/\/universitas.app\/?page_id=444"},"modified":"2026-02-11T10:57:30","modified_gmt":"2026-02-11T09:57:30","slug":"cookie-policy","status":"publish","type":"page","link":"https:\/\/universitas.app\/es\/cookie-policy\/","title":{"rendered":"Cookies"},"content":{"rendered":"<div data-elementor-type=\"wp-post\" data-elementor-id=\"444\" class=\"elementor elementor-444\">\n\t\t\t\t<div class=\"elementor-element elementor-element-b52fada e-con-full e-flex e-con e-parent\" data-id=\"b52fada\" data-element_type=\"container\" data-e-type=\"container\" data-settings=\"{&quot;background_background&quot;:&quot;classic&quot;}\">\n\t\t<div class=\"elementor-element elementor-element-0a43ee6 e-flex e-con-boxed e-con e-child\" data-id=\"0a43ee6\" data-element_type=\"container\" data-e-type=\"container\" data-settings=\"{&quot;background_background&quot;:&quot;gradient&quot;}\">\n\t\t\t\t\t<div class=\"e-con-inner\">\n\t\t\t\t<div class=\"elementor-element elementor-element-243d12d elementor-widget__width-initial elementor-widget elementor-widget-heading\" data-id=\"243d12d\" data-element_type=\"widget\" data-e-type=\"widget\" data-widget_type=\"heading.default\">\n\t\t\t\t\t<h1 class=\"elementor-heading-title elementor-size-default\">Pol\u00edtica de cookies<\/h1>\t\t\t\t<\/div>\n\t\t\t\t\t<\/div>\n\t\t\t\t<\/div>\n\t\t\t\t<\/div>\n\t\t<div class=\"elementor-element elementor-element-2bf3d04 e-flex e-con-boxed e-con e-parent\" data-id=\"2bf3d04\" data-element_type=\"container\" data-e-type=\"container\">\n\t\t\t\t\t<div class=\"e-con-inner\">\n\t\t\t\t<div class=\"elementor-element elementor-element-6010221 elementor-widget elementor-widget-text-editor\" data-id=\"6010221\" data-element_type=\"widget\" data-e-type=\"widget\" data-widget_type=\"text-editor.default\">\n\t\t\t\t\t\t\t\t\t<p data-start=\"305\" data-end=\"432\">Este sitio web utiliza cookies y tecnolog\u00edas similares para garantizar el correcto funcionamiento del sitio y mejorar la experiencia del usuario.<\/p><h3 data-start=\"434\" data-end=\"455\">\u00a0<\/h3><h3 data-start=\"434\" data-end=\"455\">\u00bfQu\u00e9 son las cookies?<\/h3><p data-start=\"457\" data-end=\"653\">Las cookies son peque\u00f1os archivos de texto que se almacenan en tu dispositivo (ordenador, smartphone o tableta) cuando visitas un sitio web. Permiten que el sitio funcione correctamente y pueden guardar informaci\u00f3n sobre tus preferencias.<\/p><h3 data-start=\"655\" data-end=\"682\">\u00a0<\/h3><h3 data-start=\"655\" data-end=\"682\">Tipos de cookies que utilizamos<\/h3><p data-start=\"684\" data-end=\"797\"><strong data-start=\"684\" data-end=\"705\">Cookies esenciales<\/strong><br data-start=\"705\" data-end=\"708\" \/>Son necesarias para el funcionamiento b\u00e1sico del sitio web y no pueden desactivarse.<\/p><p data-start=\"799\" data-end=\"1047\"><strong data-start=\"799\" data-end=\"822\">Cookies de terceros<\/strong><br data-start=\"822\" data-end=\"825\" \/>Algunos contenidos de nuestro sitio pueden ser proporcionados por servicios de terceros (como herramientas integradas o plataformas externas). Estos servicios pueden establecer sus propias cookies de acuerdo con sus respectivas pol\u00edticas de privacidad y cookies.<\/p><h3 data-start=\"1049\" data-end=\"1069\">\u00a0<\/h3><h3 data-start=\"1049\" data-end=\"1069\">Gesti\u00f3n de cookies<\/h3><p data-start=\"1071\" data-end=\"1249\">Cuando visites nuestro sitio web por primera vez, se te solicitar\u00e1 que aceptes o configures tus preferencias de cookies. Tambi\u00e9n puedes controlar o eliminar las cookies desde la configuraci\u00f3n de tu navegador en cualquier momento.<\/p><p data-start=\"1251\" data-end=\"1317\">Para m\u00e1s informaci\u00f3n, consulta la secci\u00f3n de ayuda de tu navegador.<\/p>\t\t\t\t\t\t\t\t<\/div>\n\t\t\t\t\t<\/div>\n\t\t\t\t<\/div>\n\t\t\t\t<\/div>","protected":false},"excerpt":{"rendered":"<p>Cookie Policy This website uses cookies and similar technologies to ensure the proper functioning of the site and to improve user experience. \u00a0 What are cookies? Cookies are small text files stored on your device (computer, smartphone or tablet) when you visit a website. They help the site function properly and may store information about [&hellip;]<\/p>\n","protected":false},"author":3,"featured_media":0,"parent":0,"menu_order":0,"comment_status":"closed","ping_status":"closed","template":"elementor_header_footer","meta":{"footnotes":""},"class_list":["post-444","page","type-page","status-publish","hentry"],"_links":{"self":[{"href":"https:\/\/universitas.app\/es\/wp-json\/wp\/v2\/pages\/444","targetHints":{"allow":["GET"]}}],"collection":[{"href":"https:\/\/universitas.app\/es\/wp-json\/wp\/v2\/pages"}],"about":[{"href":"https:\/\/universitas.app\/es\/wp-json\/wp\/v2\/types\/page"}],"author":[{"embeddable":true,"href":"https:\/\/universitas.app\/es\/wp-json\/wp\/v2\/users\/3"}],"replies":[{"embeddable":true,"href":"https:\/\/universitas.app\/es\/wp-json\/wp\/v2\/comments?post=444"}],"version-history":[{"count":13,"href":"https:\/\/universitas.app\/es\/wp-json\/wp\/v2\/pages\/444\/revisions"}],"predecessor-version":[{"id":3914,"href":"https:\/\/universitas.app\/es\/wp-json\/wp\/v2\/pages\/444\/revisions\/3914"}],"wp:attachment":[{"href":"https:\/\/universitas.app\/es\/wp-json\/wp\/v2\/media?parent=444"}],"curies":[{"name":"wp","href":"https:\/\/api.w.org\/{rel}","templated":true}]}}