{"id":376,"date":"2025-11-28T12:35:32","date_gmt":"2025-11-28T11:35:32","guid":{"rendered":"https:\/\/universitas.app\/?page_id=376"},"modified":"2026-02-02T16:51:49","modified_gmt":"2026-02-02T15:51:49","slug":"insights","status":"publish","type":"page","link":"https:\/\/universitas.app\/es\/insights\/","title":{"rendered":"Blog y Noticias"},"content":{"rendered":"<div data-elementor-type=\"wp-post\" data-elementor-id=\"376\" class=\"elementor elementor-376\">\n\t\t\t\t<div class=\"elementor-element elementor-element-b52fada e-con-full e-flex e-con e-parent\" data-id=\"b52fada\" data-element_type=\"container\" data-e-type=\"container\" data-settings=\"{&quot;background_background&quot;:&quot;classic&quot;}\">\n\t\t<div class=\"elementor-element elementor-element-0a43ee6 e-flex e-con-boxed e-con e-child\" data-id=\"0a43ee6\" data-element_type=\"container\" data-e-type=\"container\" data-settings=\"{&quot;background_background&quot;:&quot;gradient&quot;}\">\n\t\t\t\t\t<div class=\"e-con-inner\">\n\t\t\t\t<div class=\"elementor-element elementor-element-243d12d elementor-widget__width-initial animated-slow elementor-invisible elementor-widget elementor-widget-heading\" data-id=\"243d12d\" data-element_type=\"widget\" data-e-type=\"widget\" data-settings=\"{&quot;_animation&quot;:&quot;fadeInUp&quot;}\" data-widget_type=\"heading.default\">\n\t\t\t\t\t<h1 class=\"elementor-heading-title elementor-size-default\">Blog y Noticias<\/h1>\t\t\t\t<\/div>\n\t\t\t\t<div class=\"elementor-element elementor-element-6880b65 elementor-widget__width-initial animated-slow elementor-invisible elementor-widget elementor-widget-heading\" data-id=\"6880b65\" data-element_type=\"widget\" data-e-type=\"widget\" data-settings=\"{&quot;_animation&quot;:&quot;fadeInUp&quot;,&quot;_animation_delay&quot;:300}\" data-widget_type=\"heading.default\">\n\t\t\t\t\t<h2 class=\"elementor-heading-title elementor-size-default\">Insights, case studies, and perspectives from our projects and partners.<\/h2>\t\t\t\t<\/div>\n\t\t\t\t\t<\/div>\n\t\t\t\t<\/div>\n\t\t\t\t<\/div>\n\t\t<div class=\"elementor-element elementor-element-2bf3d04 e-flex e-con-boxed e-con e-parent\" data-id=\"2bf3d04\" data-element_type=\"container\" data-e-type=\"container\">\n\t\t\t\t\t<div class=\"e-con-inner\">\n\t\t\t\t<div class=\"elementor-element elementor-element-e063f5a elementor-widget elementor-widget-hfe-basic-posts\" data-id=\"e063f5a\" data-element_type=\"widget\" data-e-type=\"widget\" data-widget_type=\"hfe-basic-posts.default\">\n\t\t\t\t<div class=\"elementor-widget-container\">\n\t\t\t\t\t\n<div class=\"hfe-posts-grid\">\n\t\t\t<article class=\"hfe-post-card\">\n\t\t\t\t\t\t\t<div class=\"hfe-post-image\">\n\t\t\t\t\t<a href=\"https:\/\/universitas.app\/es\/capacity-building-xx\/\" rel=\"bookmark\">\n\t\t\t\t\t\t<img loading=\"lazy\" decoding=\"async\" width=\"300\" height=\"225\" src=\"https:\/\/universitas.app\/wp-content\/uploads\/2025\/12\/capacity-building-post-300x225.jpg\" class=\"attachment-medium size-medium wp-post-image\" alt=\"Capacity Building xx\" srcset=\"https:\/\/universitas.app\/wp-content\/uploads\/2025\/12\/capacity-building-post-300x225.jpg 300w, https:\/\/universitas.app\/wp-content\/uploads\/2025\/12\/capacity-building-post-1024x768.jpg 1024w, https:\/\/universitas.app\/wp-content\/uploads\/2025\/12\/capacity-building-post-768x576.jpg 768w, https:\/\/universitas.app\/wp-content\/uploads\/2025\/12\/capacity-building-post-1200x900.jpg 1200w, https:\/\/universitas.app\/wp-content\/uploads\/2025\/12\/capacity-building-post-800x600.jpg 800w, https:\/\/universitas.app\/wp-content\/uploads\/2025\/12\/capacity-building-post-600x450.jpg 600w, https:\/\/universitas.app\/wp-content\/uploads\/2025\/12\/capacity-building-post-400x300.jpg 400w, https:\/\/universitas.app\/wp-content\/uploads\/2025\/12\/capacity-building-post-200x150.jpg 200w, https:\/\/universitas.app\/wp-content\/uploads\/2025\/12\/capacity-building-post.jpg 1267w\" sizes=\"auto, (max-width: 300px) 100vw, 300px\" \/>\t\t\t\t\t<\/a>\n\t\t\t\t<\/div>\n\t\t\t\n\t\t\t<div class=\"hfe-post-content\">\n\t\t\t\t\t\t\t\t\t<h3 class=\"hfe-post-title\">\n\t\t\t\t\t\t<a href=\"https:\/\/universitas.app\/es\/capacity-building-xx\/\" rel=\"bookmark\">\n\t\t\t\t\t\t\tCapacity Building xx\t\t\t\t\t\t<\/a>\n\t\t\t\t\t<\/h3>\n\t\t\t\t\n\t\t\t\t\t\t\t\t\t<div class=\"hfe-post-meta\">\n\t\t\t\t\t\t<span class=\"hfe-post-date\">enero 21, 2026<\/span>\t\t\t\t\t<\/div>\n\t\t\t\t\n\t\t\t\t\t\t\t\t\t<div class=\"hfe-post-excerpt\">\n\t\t\t\t\t\tIn January&nbsp;2024&nbsp;we launched two Capacity Building programmes with Universities from Latin America, empowering researchers to apply, manage, and report funded...\t\t\t\t\t<\/div>\n\t\t\t\t\n\t\t\t\t\t\t\t\t\t<a href=\"https:\/\/universitas.app\/es\/capacity-building-xx\/\" class=\"hfe-read-more\" rel=\"bookmark\">\n\t\t\t\t\t\tRead More \u2192\t\t\t\t\t<\/a>\n\t\t\t\t\t\t\t<\/div>\n\t\t<\/article>\n\t\t\t\t<article class=\"hfe-post-card\">\n\t\t\t\t\t\t\t<div class=\"hfe-post-image\">\n\t\t\t\t\t<a href=\"https:\/\/universitas.app\/es\/attending-the-erasmus\/\" rel=\"bookmark\">\n\t\t\t\t\t\t<img loading=\"lazy\" decoding=\"async\" width=\"300\" height=\"225\" src=\"https:\/\/universitas.app\/wp-content\/uploads\/2024\/05\/1706625351286-300x225.jpeg\" class=\"attachment-medium size-medium wp-post-image\" alt=\"Attending the ERASMUS+\" srcset=\"https:\/\/universitas.app\/wp-content\/uploads\/2024\/05\/1706625351286-300x225.jpeg 300w, https:\/\/universitas.app\/wp-content\/uploads\/2024\/05\/1706625351286-1024x768.jpeg 1024w, https:\/\/universitas.app\/wp-content\/uploads\/2024\/05\/1706625351286-768x576.jpeg 768w, https:\/\/universitas.app\/wp-content\/uploads\/2024\/05\/1706625351286-1536x1152.jpeg 1536w, https:\/\/universitas.app\/wp-content\/uploads\/2024\/05\/1706625351286.jpeg 2048w\" sizes=\"auto, (max-width: 300px) 100vw, 300px\" \/>\t\t\t\t\t<\/a>\n\t\t\t\t<\/div>\n\t\t\t\n\t\t\t<div class=\"hfe-post-content\">\n\t\t\t\t\t\t\t\t\t<h3 class=\"hfe-post-title\">\n\t\t\t\t\t\t<a href=\"https:\/\/universitas.app\/es\/attending-the-erasmus\/\" rel=\"bookmark\">\n\t\t\t\t\t\t\tAttending the ERASMUS+\t\t\t\t\t\t<\/a>\n\t\t\t\t\t<\/h3>\n\t\t\t\t\n\t\t\t\t\t\t\t\t\t<div class=\"hfe-post-meta\">\n\t\t\t\t\t\t<span class=\"hfe-post-date\">enero 20, 2026<\/span>\t\t\t\t\t<\/div>\n\t\t\t\t\n\t\t\t\t\t\t\t\t\t<div class=\"hfe-post-excerpt\">\n\t\t\t\t\t\tOn January 30th we attended the Erasmus+ Sport InfoDay in Brussels to learn about the political context, future programme and...\t\t\t\t\t<\/div>\n\t\t\t\t\n\t\t\t\t\t\t\t\t\t<a href=\"https:\/\/universitas.app\/es\/attending-the-erasmus\/\" class=\"hfe-read-more\" rel=\"bookmark\">\n\t\t\t\t\t\tRead More \u2192\t\t\t\t\t<\/a>\n\t\t\t\t\t\t\t<\/div>\n\t\t<\/article>\n\t\t\t\t<article class=\"hfe-post-card\">\n\t\t\t\t\t\t\t<div class=\"hfe-post-image\">\n\t\t\t\t\t<a href=\"https:\/\/universitas.app\/es\/capacity-building-in-latam\/\" rel=\"bookmark\">\n\t\t\t\t\t\t<img loading=\"lazy\" decoding=\"async\" width=\"300\" height=\"225\" src=\"https:\/\/universitas.app\/wp-content\/uploads\/2025\/12\/capacity-building-post-300x225.jpg\" class=\"attachment-medium size-medium wp-post-image\" alt=\"Capacity Building in Latam\" srcset=\"https:\/\/universitas.app\/wp-content\/uploads\/2025\/12\/capacity-building-post-300x225.jpg 300w, https:\/\/universitas.app\/wp-content\/uploads\/2025\/12\/capacity-building-post-1024x768.jpg 1024w, https:\/\/universitas.app\/wp-content\/uploads\/2025\/12\/capacity-building-post-768x576.jpg 768w, https:\/\/universitas.app\/wp-content\/uploads\/2025\/12\/capacity-building-post-1200x900.jpg 1200w, https:\/\/universitas.app\/wp-content\/uploads\/2025\/12\/capacity-building-post-800x600.jpg 800w, https:\/\/universitas.app\/wp-content\/uploads\/2025\/12\/capacity-building-post-600x450.jpg 600w, https:\/\/universitas.app\/wp-content\/uploads\/2025\/12\/capacity-building-post-400x300.jpg 400w, https:\/\/universitas.app\/wp-content\/uploads\/2025\/12\/capacity-building-post-200x150.jpg 200w, https:\/\/universitas.app\/wp-content\/uploads\/2025\/12\/capacity-building-post.jpg 1267w\" sizes=\"auto, (max-width: 300px) 100vw, 300px\" \/>\t\t\t\t\t<\/a>\n\t\t\t\t<\/div>\n\t\t\t\n\t\t\t<div class=\"hfe-post-content\">\n\t\t\t\t\t\t\t\t\t<h3 class=\"hfe-post-title\">\n\t\t\t\t\t\t<a href=\"https:\/\/universitas.app\/es\/capacity-building-in-latam\/\" rel=\"bookmark\">\n\t\t\t\t\t\t\tCapacity Building in Latam\t\t\t\t\t\t<\/a>\n\t\t\t\t\t<\/h3>\n\t\t\t\t\n\t\t\t\t\t\t\t\t\t<div class=\"hfe-post-meta\">\n\t\t\t\t\t\t<span class=\"hfe-post-date\">febrero 20, 2024<\/span>\t\t\t\t\t<\/div>\n\t\t\t\t\n\t\t\t\t\t\t\t\t\t<div class=\"hfe-post-excerpt\">\n\t\t\t\t\t\tIn January&nbsp;2024&nbsp;we launched two Capacity Building programmes with Universities from Latin America, empowering researchers to apply, manage, and report funded...\t\t\t\t\t<\/div>\n\t\t\t\t\n\t\t\t\t\t\t\t\t\t<a href=\"https:\/\/universitas.app\/es\/capacity-building-in-latam\/\" class=\"hfe-read-more\" rel=\"bookmark\">\n\t\t\t\t\t\tRead More \u2192\t\t\t\t\t<\/a>\n\t\t\t\t\t\t\t<\/div>\n\t\t<\/article>\n\t\t\t\t<article class=\"hfe-post-card\">\n\t\t\t\t\t\t\t<div class=\"hfe-post-image\">\n\t\t\t\t\t<a href=\"https:\/\/universitas.app\/es\/attending-the-erasmus-sport-infoday\/\" rel=\"bookmark\">\n\t\t\t\t\t\t<img loading=\"lazy\" decoding=\"async\" width=\"300\" height=\"225\" src=\"https:\/\/universitas.app\/wp-content\/uploads\/2024\/05\/1706625351286-300x225.jpeg\" class=\"attachment-medium size-medium wp-post-image\" alt=\"Attending the ERASMUS+ Sport InfoDay\" srcset=\"https:\/\/universitas.app\/wp-content\/uploads\/2024\/05\/1706625351286-300x225.jpeg 300w, https:\/\/universitas.app\/wp-content\/uploads\/2024\/05\/1706625351286-1024x768.jpeg 1024w, https:\/\/universitas.app\/wp-content\/uploads\/2024\/05\/1706625351286-768x576.jpeg 768w, https:\/\/universitas.app\/wp-content\/uploads\/2024\/05\/1706625351286-1536x1152.jpeg 1536w, https:\/\/universitas.app\/wp-content\/uploads\/2024\/05\/1706625351286.jpeg 2048w\" sizes=\"auto, (max-width: 300px) 100vw, 300px\" \/>\t\t\t\t\t<\/a>\n\t\t\t\t<\/div>\n\t\t\t\n\t\t\t<div class=\"hfe-post-content\">\n\t\t\t\t\t\t\t\t\t<h3 class=\"hfe-post-title\">\n\t\t\t\t\t\t<a href=\"https:\/\/universitas.app\/es\/attending-the-erasmus-sport-infoday\/\" rel=\"bookmark\">\n\t\t\t\t\t\t\tAttending the ERASMUS+ Sport InfoDay\t\t\t\t\t\t<\/a>\n\t\t\t\t\t<\/h3>\n\t\t\t\t\n\t\t\t\t\t\t\t\t\t<div class=\"hfe-post-meta\">\n\t\t\t\t\t\t<span class=\"hfe-post-date\">enero 31, 2024<\/span>\t\t\t\t\t<\/div>\n\t\t\t\t\n\t\t\t\t\t\t\t\t\t<div class=\"hfe-post-excerpt\">\n\t\t\t\t\t\tOn January 30th we attended the Erasmus+ Sport InfoDay in Brussels to learn about the political context, future programme and...\t\t\t\t\t<\/div>\n\t\t\t\t\n\t\t\t\t\t\t\t\t\t<a href=\"https:\/\/universitas.app\/es\/attending-the-erasmus-sport-infoday\/\" class=\"hfe-read-more\" rel=\"bookmark\">\n\t\t\t\t\t\tRead More \u2192\t\t\t\t\t<\/a>\n\t\t\t\t\t\t\t<\/div>\n\t\t<\/article>\n\t\t<\/div>\n\t\t\t\t<\/div>\n\t\t\t\t<\/div>\n\t\t\t\t\t<\/div>\n\t\t\t\t<\/div>\n\t\t<div class=\"elementor-element elementor-element-f41a693 e-flex e-con-boxed e-con e-parent\" data-id=\"f41a693\" data-element_type=\"container\" data-e-type=\"container\">\n\t\t\t\t\t<div class=\"e-con-inner\">\n\t\t<div class=\"elementor-element elementor-element-d36d2d5 e-con-full e-flex e-con e-child\" data-id=\"d36d2d5\" data-element_type=\"container\" data-e-type=\"container\" data-settings=\"{&quot;background_background&quot;:&quot;gradient&quot;}\">\n\t\t\t\t<div class=\"elementor-element elementor-element-d96a3d0 animated-slow elementor-invisible elementor-widget elementor-widget-heading\" data-id=\"d96a3d0\" data-element_type=\"widget\" data-e-type=\"widget\" data-settings=\"{&quot;_animation&quot;:&quot;fadeInUp&quot;}\" data-widget_type=\"heading.default\">\n\t\t\t\t\t<h2 class=\"elementor-heading-title elementor-size-default\">Te escuchamos<\/h2>\t\t\t\t<\/div>\n\t\t\t\t<div class=\"elementor-element elementor-element-292a3c4 elementor-widget__width-initial elementor-widget-mobile__width-inherit animated-slow elementor-invisible elementor-widget elementor-widget-text-editor\" data-id=\"292a3c4\" data-element_type=\"widget\" data-e-type=\"widget\" data-settings=\"{&quot;_animation&quot;:&quot;fadeInUp&quot;,&quot;_animation_delay&quot;:400}\" data-widget_type=\"text-editor.default\">\n\t\t\t\t\t\t\t\t\tAportamos el conocimiento especializado clave para dise\u00f1ar e implementar proyectos innovadores como herramienta de financiaci\u00f3n para proyectos cient\u00edficos.\t\t\t\t\t\t\t\t<\/div>\n\t\t<div class=\"elementor-element elementor-element-cf2cdc7 e-con-full e-flex e-con e-child\" data-id=\"cf2cdc7\" data-element_type=\"container\" data-e-type=\"container\">\n\t\t\t\t<div class=\"elementor-element elementor-element-bf9c06b animated-slow elementor-invisible elementor-widget elementor-widget-button\" data-id=\"bf9c06b\" data-element_type=\"widget\" data-e-type=\"widget\" data-settings=\"{&quot;_animation&quot;:&quot;fadeInLeft&quot;,&quot;_animation_delay&quot;:800}\" data-widget_type=\"button.default\">\n\t\t\t\t\t\t\t\t\t\t<a class=\"elementor-button elementor-button-link elementor-size-sm\" href=\"#\">\n\t\t\t\t\t\t<span class=\"elementor-button-content-wrapper\">\n\t\t\t\t\t\t\t\t\t<span class=\"elementor-button-text\">Contacto<\/span>\n\t\t\t\t\t<\/span>\n\t\t\t\t\t<\/a>\n\t\t\t\t\t\t\t\t<\/div>\n\t\t\t\t<div class=\"elementor-element elementor-element-5f76bc5 animated-slow elementor-invisible elementor-widget elementor-widget-button\" data-id=\"5f76bc5\" data-element_type=\"widget\" data-e-type=\"widget\" data-settings=\"{&quot;_animation&quot;:&quot;fadeInRight&quot;,&quot;_animation_delay&quot;:800}\" data-widget_type=\"button.default\">\n\t\t\t\t\t\t\t\t\t\t<a class=\"elementor-button elementor-button-link elementor-size-sm\" href=\"#\">\n\t\t\t\t\t\t<span class=\"elementor-button-content-wrapper\">\n\t\t\t\t\t\t\t\t\t<span class=\"elementor-button-text\">Agenda una reuni\u00f3n<\/span>\n\t\t\t\t\t<\/span>\n\t\t\t\t\t<\/a>\n\t\t\t\t\t\t\t\t<\/div>\n\t\t\t\t<\/div>\n\t\t\t\t<\/div>\n\t\t\t\t\t<\/div>\n\t\t\t\t<\/div>\n\t\t\t\t<\/div>","protected":false},"excerpt":{"rendered":"<p>Insights Insights, case studies, and perspectives from our projects and partners. Capacity Building xx January 21, 2026 In January&nbsp;2024&nbsp;we launched two Capacity Building programmes with Universities from Latin America, empowering researchers to apply, manage, and report funded&#8230; Read More \u2192 Attending the ERASMUS+ January 20, 2026 On January 30th we attended the Erasmus+ Sport InfoDay [&hellip;]<\/p>\n","protected":false},"author":3,"featured_media":0,"parent":0,"menu_order":0,"comment_status":"closed","ping_status":"closed","template":"elementor_header_footer","meta":{"footnotes":""},"class_list":["post-376","page","type-page","status-publish","hentry"],"_links":{"self":[{"href":"https:\/\/universitas.app\/es\/wp-json\/wp\/v2\/pages\/376","targetHints":{"allow":["GET"]}}],"collection":[{"href":"https:\/\/universitas.app\/es\/wp-json\/wp\/v2\/pages"}],"about":[{"href":"https:\/\/universitas.app\/es\/wp-json\/wp\/v2\/types\/page"}],"author":[{"embeddable":true,"href":"https:\/\/universitas.app\/es\/wp-json\/wp\/v2\/users\/3"}],"replies":[{"embeddable":true,"href":"https:\/\/universitas.app\/es\/wp-json\/wp\/v2\/comments?post=376"}],"version-history":[{"count":47,"href":"https:\/\/universitas.app\/es\/wp-json\/wp\/v2\/pages\/376\/revisions"}],"predecessor-version":[{"id":3545,"href":"https:\/\/universitas.app\/es\/wp-json\/wp\/v2\/pages\/376\/revisions\/3545"}],"wp:attachment":[{"href":"https:\/\/universitas.app\/es\/wp-json\/wp\/v2\/media?parent=376"}],"curies":[{"name":"wp","href":"https:\/\/api.w.org\/{rel}","templated":true}]}}