{"id":176,"date":"2025-08-07T07:44:29","date_gmt":"2025-08-07T07:44:29","guid":{"rendered":"https:\/\/universitas.app\/?page_id=176"},"modified":"2026-02-11T11:01:58","modified_gmt":"2026-02-11T10:01:58","slug":"privacy-policy","status":"publish","type":"page","link":"https:\/\/universitas.app\/es\/privacy-policy\/","title":{"rendered":"Pol\u00edtica de privacidad"},"content":{"rendered":"<div data-elementor-type=\"wp-page\" data-elementor-id=\"176\" class=\"elementor elementor-176\">\n\t\t\t\t<div class=\"elementor-element elementor-element-ae30ece e-con-full e-flex e-con e-parent\" data-id=\"ae30ece\" data-element_type=\"container\" data-e-type=\"container\" data-settings=\"{&quot;background_background&quot;:&quot;classic&quot;}\">\n\t\t<div class=\"elementor-element elementor-element-f6f3889 e-flex e-con-boxed e-con e-child\" data-id=\"f6f3889\" data-element_type=\"container\" data-e-type=\"container\" data-settings=\"{&quot;background_background&quot;:&quot;gradient&quot;}\">\n\t\t\t\t\t<div class=\"e-con-inner\">\n\t\t\t\t<div class=\"elementor-element elementor-element-1330fb8 elementor-widget__width-initial elementor-widget elementor-widget-heading\" data-id=\"1330fb8\" data-element_type=\"widget\" data-e-type=\"widget\" data-widget_type=\"heading.default\">\n\t\t\t\t\t<h1 class=\"elementor-heading-title elementor-size-default\">Pol\u00edtica de privacidad<\/h1>\t\t\t\t<\/div>\n\t\t\t\t\t<\/div>\n\t\t\t\t<\/div>\n\t\t\t\t<\/div>\n\t\t<div class=\"elementor-element elementor-element-d4d5542 e-flex e-con-boxed e-con e-parent\" data-id=\"d4d5542\" data-element_type=\"container\" data-e-type=\"container\">\n\t\t\t\t\t<div class=\"e-con-inner\">\n\t\t\t\t<div class=\"elementor-element elementor-element-1405f9c elementor-widget elementor-widget-text-editor\" data-id=\"1405f9c\" data-element_type=\"widget\" data-e-type=\"widget\" data-widget_type=\"text-editor.default\">\n\t\t\t\t\t\t\t\t\t<p>En Universitas. Science, Knowledge and Innovation S.L. (\u201cnosotros\u201d, \u201cnuestro\u201d), tu privacidad es importante para nosotros. Esta Pol\u00edtica de Privacidad explica c\u00f3mo recopilamos, utilizamos y protegemos tus datos personales cuando nos contactas a trav\u00e9s del formulario de nuestra web o por correo electr\u00f3nico.<\/p><h3>\u00a0<\/h3><h3>Responsable del tratamiento<\/h3><p>Universitas. Science, Knowledge and Innovation S.L.<br \/>CIF: B10848489<br \/>Email: education@universitas.science<br \/>Direcci\u00f3n: Teodoro Cuesta 3, 1\u00baH, Gij\u00f3n (33207), Asturias, Spain<\/p><h3>\u00a0<\/h3><h3>1. Informaci\u00f3n que recopilamos<\/h3><p>Cuando utilizas nuestro formulario de contacto o nos env\u00edas un correo electr\u00f3nico, recopilamos la informaci\u00f3n personal que nos proporcionas voluntariamente, como tu nombre, direcci\u00f3n de correo electr\u00f3nico y cualquier otro dato incluido en tu mensaje.\u00a0<\/p><h3>\u00a0<\/h3><h3>2. Finalidad del tratamiento<\/h3><p>Utilizamos tus datos personales exclusivamente para responder a tus consultas y proporcionarte la informaci\u00f3n o los servicios que nos solicites.\u00a0<\/p><h3>\u00a0<\/h3><h3>3. Base legal para el tratamiento<\/h3><p>El tratamiento de tus datos personales se basa en tu consentimiento al enviar el formulario o remitirnos un correo electr\u00f3nico.\u00a0<\/p><h2 data-start=\"0\" data-end=\"22\">\u00a0<\/h2><h3 data-start=\"0\" data-end=\"22\">4. Conservaci\u00f3n de los datos<\/h3><p data-start=\"24\" data-end=\"174\" data-is-last-node=\"\" data-is-only-node=\"\">Conservaremos tus datos personales \u00fanicamente durante el tiempo necesario para cumplir con las finalidades indicadas anteriormente o durante el plazo exigido por la legislaci\u00f3n aplicable.<\/p><h3>\u00a0<\/h3><h3>5. Comunicaci\u00f3n de datos\u00a0<\/h3><p>No compartimos tus datos personales con terceros, salvo cuando sea necesario para cumplir con obligaciones legales.\u00a0<\/p><h3>\u00a0<\/h3><h3>6. Tus derechos\u00a0<\/h3><p>Tienes derecho a acceder, rectificar o solicitar la supresi\u00f3n de tus datos personales. Tambi\u00e9n puedes retirar tu consentimiento en cualquier momento contact\u00e1ndonos en education@universitas.science\u00a0<\/p><h3>\u00a0<\/h3><h3>7. Seguridad de los datos\u00a0<\/h3><p>Aplicamos medidas t\u00e9cnicas y organizativas adecuadas para proteger tus datos frente a accesos no autorizados, p\u00e9rdida o alteraci\u00f3n.\u00a0<\/p><h3>\u00a0<\/h3><h3>8. Informaci\u00f3n de contacto\u00a0<\/h3><p>Si tienes alguna pregunta sobre esta Pol\u00edtica de Privacidad o sobre c\u00f3mo tratamos tus datos personales, puedes contactarnos en education@universitas.science<\/p>\t\t\t\t\t\t\t\t<\/div>\n\t\t\t\t\t<\/div>\n\t\t\t\t<\/div>\n\t\t\t\t<\/div>","protected":false},"excerpt":{"rendered":"<p>Privacy Policy At Universitas. Science, Knowledge and Innovation S.L. (&#8220;we,&#8221; &#8220;us,&#8221; or &#8220;our&#8221;), your privacy is important to us. This Privacy Policy explains how we collect, use, and protect your personal data when you contact us via our website form or email. \u00a0 Data Controller Universitas. Science, Knowledge and Innovation S.L.Tax ID: B10848489Email: education@universitas.scienceAddress: Teodoro [&hellip;]<\/p>\n","protected":false},"author":1,"featured_media":0,"parent":0,"menu_order":0,"comment_status":"closed","ping_status":"closed","template":"","meta":{"footnotes":""},"class_list":["post-176","page","type-page","status-publish","hentry"],"_links":{"self":[{"href":"https:\/\/universitas.app\/es\/wp-json\/wp\/v2\/pages\/176","targetHints":{"allow":["GET"]}}],"collection":[{"href":"https:\/\/universitas.app\/es\/wp-json\/wp\/v2\/pages"}],"about":[{"href":"https:\/\/universitas.app\/es\/wp-json\/wp\/v2\/types\/page"}],"author":[{"embeddable":true,"href":"https:\/\/universitas.app\/es\/wp-json\/wp\/v2\/users\/1"}],"replies":[{"embeddable":true,"href":"https:\/\/universitas.app\/es\/wp-json\/wp\/v2\/comments?post=176"}],"version-history":[{"count":30,"href":"https:\/\/universitas.app\/es\/wp-json\/wp\/v2\/pages\/176\/revisions"}],"predecessor-version":[{"id":3917,"href":"https:\/\/universitas.app\/es\/wp-json\/wp\/v2\/pages\/176\/revisions\/3917"}],"wp:attachment":[{"href":"https:\/\/universitas.app\/es\/wp-json\/wp\/v2\/media?parent=176"}],"curies":[{"name":"wp","href":"https:\/\/api.w.org\/{rel}","templated":true}]}}